{"id":1260,"date":"2023-02-17T09:13:35","date_gmt":"2023-02-17T09:13:35","guid":{"rendered":"http:\/\/shteguishpreses.com\/index.php\/kryefaqja-3\/"},"modified":"2023-09-26T07:27:21","modified_gmt":"2023-09-26T07:27:21","slug":"kryefaqja-3","status":"publish","type":"page","link":"https:\/\/shteguishpreses.com\/","title":{"rendered":"Kryefaqja"},"content":{"rendered":"<body>\n    \n    <section class=\"u-carousel u-slide u-block-2234-1\" id=\"carousel_fc96\" data-interval=\"5000\" data-u-ride=\"carousel\">\n      <ol class=\"u-absolute-hcenter u-carousel-indicators u-block-2234-2\">\n        <li data-u-target=\"#carousel_fc96\" class=\"u-active u-grey-30\" data-u-slide-to=\"0\"><\/li>\n        <li data-u-target=\"#carousel_fc96\" class=\"u-grey-30\" data-u-slide-to=\"1\"><\/li>\n        <li data-u-target=\"#carousel_fc96\" class=\"u-grey-30\" data-u-slide-to=\"2\"><\/li>\n      <\/ol>\n      <div class=\"u-carousel-inner\" role=\"listbox\">\n        <div class=\"u-active u-align-center u-carousel-item u-clearfix u-image u-shading u-section-2-1\" src=\"\" data-image-width=\"1920\" data-image-height=\"1080\" style=\"background-image: linear-gradient(0deg, rgba(0, 0, 0, 0.5), rgba(0, 0, 0, 0.5)), url(&quot;https:\/\/shteguishpreses.com\/wp-content\/uploads\/2023\/02\/dhomafemijeve-3.jpg&quot;);\">\n          <div class=\"u-clearfix u-sheet u-valign-middle u-sheet-1\">\n            <h6 class=\"u-text u-text-default u-text-1\">Shtegu i Shpres\u00ebs ju ofron<\/h6>\n            <h1 class=\"u-small-text u-text u-text-default u-text-variant u-text-2\">Profesionaliz\u00ebm<\/h1>\n          <\/div>\n        <\/div>\n        <div class=\"u-align-center u-carousel-item u-clearfix u-image u-shading u-section-2-2\" src=\"\" data-image-width=\"1600\" data-image-height=\"916\" style=\"background-image: linear-gradient(0deg, rgba(0, 0, 0, 0.5), rgba(0, 0, 0, 0.5)), url(&quot;https:\/\/shteguishpreses.com\/wp-content\/uploads\/2023\/02\/dhoma1-3.jpg&quot;);\">\n          <div class=\"u-clearfix u-sheet u-sheet-1\">\n            <h1 class=\"u-small-text u-text u-text-default u-text-variant u-text-1\"> Konfidencialitet<\/h1>\n          <\/div>\n        <\/div>\n        <div class=\"u-align-center u-carousel-item u-clearfix u-image u-shading u-section-2-3\" src=\"\" data-image-width=\"1600\" data-image-height=\"1103\" style=\"background-image: linear-gradient(0deg, rgba(0, 0, 0, 0.5), rgba(0, 0, 0, 0.5)), url(&quot;https:\/\/shteguishpreses.com\/wp-content\/uploads\/2023\/02\/dhomaefemijeve1-3.jpg&quot;);\">\n          <div class=\"u-clearfix u-sheet u-sheet-1\">\n            <h1 class=\"u-small-text u-text u-text-default u-text-variant u-text-1\"> Ekspertiz\u00eb<\/h1>\n          <\/div>\n        <\/div>\n      <\/div>\n      <a class=\"u-absolute-vcenter u-carousel-control u-carousel-control-prev u-hidden u-text-white u-block-2234-3\" href=\"#carousel_fc96\" role=\"button\" data-u-slide=\"prev\">\n        <span aria-hidden=\"true\">\n          <svg class=\"u-svg-link\" viewbox=\"0 0 477.175 477.175\"><path d=\"M145.188,238.575l215.5-215.5c5.3-5.3,5.3-13.8,0-19.1s-13.8-5.3-19.1,0l-225.1,225.1c-5.3,5.3-5.3,13.8,0,19.1l225.1,225\n                    c2.6,2.6,6.1,4,9.5,4s6.9-1.3,9.5-4c5.3-5.3,5.3-13.8,0-19.1L145.188,238.575z\"><\/path><\/svg>\n        <\/span>\n        <span class=\"sr-only\">Previous<\/span>\n      <\/a>\n      <a class=\"u-absolute-vcenter u-carousel-control u-carousel-control-next u-hidden u-text-white u-block-2234-4\" href=\"#carousel_fc96\" role=\"button\" data-u-slide=\"next\">\n        <span aria-hidden=\"true\">\n          <svg class=\"u-svg-link\" viewbox=\"0 0 477.175 477.175\"><path d=\"M360.731,229.075l-225.1-225.1c-5.3-5.3-13.8-5.3-19.1,0s-5.3,13.8,0,19.1l215.5,215.5l-215.5,215.5\n                    c-5.3,5.3-5.3,13.8,0,19.1c2.6,2.6,6.1,4,9.5,4c3.4,0,6.9-1.3,9.5-4l225.1-225.1C365.931,242.875,365.931,234.275,360.731,229.075z\"><\/path><\/svg>\n        <\/span>\n        <span class=\"sr-only\">Next<\/span>\n      <\/a>\n    <\/section>\n    <section class=\"u-align-center u-clearfix u-section-3\" id=\"carousel_2c03\">\n      <div class=\"u-clearfix u-sheet u-valign-middle-xs u-sheet-1\">\n        <blockquote class=\"u-align-center-sm u-align-center-xs u-border-20 u-border-custom-color-3 u-custom-font u-font-playfair-display u-text u-text-custom-color-1 u-text-default u-text-1\">\n          <span style=\"font-size: 2.25rem;\">Mir\u00eb se vini te<\/span>\u00a0<br>Shtegu i Shpres\u00ebs \n        <\/blockquote>\n        <p class=\"u-align-justify-lg u-align-justify-md u-align-justify-sm u-align-justify-xl u-align-left-xs u-custom-font u-font-playfair-display u-text u-text-2\"> Shtegu\ni Shpres\u00ebs \u00ebsht\u00eb nj\u00eb qend\u00ebr multidisiplinare q\u00eb ofron k\u00ebshillim, psikoterapi,\nterapi p\u00ebr f\u00ebmij\u00eb, logopedi, nga terapist\u00eb t\u00eb kualifikuar e t\u00eb licensuar. Kjo\nqend\u00ebr ofron terapi dhe k\u00ebshillim individual, p\u00ebr familje dhe grupe n\u00eb mjediset\ntona dhe online<\/p>\n        <a href=\"https:\/\/shteguishpreses.com\/index.php\/rreth-nesh-3\/\" class=\"u-active-custom-color-1 u-border-none u-btn u-button-style u-custom-color-1 u-hover-custom-color-4 u-btn-1\">M\u00eb shum\u00eb<\/a>\n      <\/div>\n    <\/section>\n    <section class=\"u-clearfix u-section-4\" id=\"sec-9311\">\n      <div class=\"u-align-left u-clearfix u-sheet u-sheet-1\"><\/div>\n    <\/section>\n    <section class=\"u-clearfix u-section-5\" id=\"sec-ead5\">\n      <div class=\"u-clearfix u-sheet u-sheet-1\"><\/div>\n    <\/section>\n    <section class=\"u-clearfix u-section-6\" id=\"sec-60e0\">\n      <div class=\"u-clearfix u-sheet u-sheet-1\">\n        <div class=\"u-clearfix u-expanded-width u-gutter-30 u-layout-spacing-vertical u-layout-wrap u-layout-wrap-1\">\n          <div class=\"u-gutter-0 u-layout\">\n            <div class=\"u-layout-row\">\n              <div class=\"u-size-30\">\n                <div class=\"u-layout-col\">\n                  <div class=\"u-align-left u-container-style u-layout-cell u-left-cell u-size-30 u-white u-layout-cell-1\">\n                    <div class=\"u-container-layout u-valign-middle u-container-layout-1\">\n                      <h2 class=\"u-text u-text-1\">Shtegu i Shpres\u00ebs<\/h2>\n                      <p class=\"u-text u-text-2\"> Rruga Myslym Shyri 48, Kati 3 (pran\u00eb Big Market), Tiran\u00eb 1010, Albania<\/p>\n                      <p class=\"u-text u-text-3\">+355 69 606 0777<\/p>\n                      <p class=\"u-text u-text-4\">info@shteguishpreses.com<\/p>\n                    <\/div>\n                  <\/div>\n                  <div class=\"u-align-left u-container-style u-layout-cell u-left-cell u-size-30 u-white u-layout-cell-2\">\n                    <div class=\"u-container-layout u-container-layout-2\">\n                      <a href=\"https:\/\/shteguishpreses.com\/index.php\/kontakt-3\/#sec-27f1\" class=\"u-active-palette-1-base u-border-none u-btn u-btn-round u-button-style u-hover-palette-1-light-1 u-palette-1-base u-radius-6 u-btn-1\">Fillo tani !<\/a>\n                    <\/div>\n                  <\/div>\n                <\/div>\n              <\/div>\n              <div class=\"u-size-30\">\n                <div class=\"u-layout-row\">\n                  <div class=\"u-align-left u-container-style u-layout-cell u-right-cell u-size-60 u-layout-cell-3\">\n                    <div class=\"u-container-layout u-container-layout-3\">\n                      <div class=\"u-align-left u-expanded u-grey-10 u-map\">\n                        <div class=\"embed-responsive\">\n                          <iframe class=\"embed-responsive-item\" src=\"https:\/\/www.google.com\/maps\/embed?pb=!1m14!1m8!1m3!1d11985.040097394183!2d19.8118643!3d41.3249588!3m2!1i1024!2i768!4f13.1!3m3!1m2!1s0x0%3A0xd3e587ca5381281c!2sQendra%20%22Shtegu%20i%20Shpres%C3%ABs%22!5e0!3m2!1ssq!2s!4v1660760426526!5m2!1ssq!2s\" data-map=\"JTdCJTIycG9zaXRpb25UeXBlJTIyJTNBJTIybWFwLWVtYmVkJTIyJTJDJTIyYWRkcmVzcyUyMiUzQSUyMlNoZXNoaSUyMEthcmwlMjBUb3BpYSUyMiUyQyUyMnpvb20lMjIlM0ExNyUyQyUyMnR5cGVJZCUyMiUzQSUyMnJvYWQlMjIlMkMlMjJsYW5nJTIyJTNBJTIyJTIyJTJDJTIyZW1iZWQlMjIlM0ElMjJodHRwcyUzQSUyRiUyRnd3dy5nb29nbGUuY29tJTJGbWFwcyUyRmVtYmVkJTNGcGIlM0QhMW0xNCExbTghMW0zITFkMTE5ODUuMDQwMDk3Mzk0MTgzITJkMTkuODExODY0MyEzZDQxLjMyNDk1ODghM20yITFpMTAyNCEyaTc2OCE0ZjEzLjEhM20zITFtMiExczB4MCUyNTNBMHhkM2U1ODdjYTUzODEyODFjITJzUWVuZHJhJTI1MjAlMjUyMlNodGVndSUyNTIwaSUyNTIwU2hwcmVzJTI1QzMlMjVBQnMlMjUyMiE1ZTAhM20yITFzc3EhMnMhNHYxNjYwNzYwNDI2NTI2ITVtMiExc3NxITJzJTIyJTdE\"><\/iframe>\n                        <\/div>\n                      <\/div>\n                    <\/div>\n                  <\/div>\n                <\/div>\n              <\/div>\n            <\/div>\n          <\/div>\n        <\/div>\n      <\/div>\n    <\/section>\n    \n    \n  \n<\/body>","protected":false},"excerpt":{"rendered":"<p>Shtegu i Shpres\u00ebs ju ofron Profesionaliz\u00ebm Konfidencialitet Ekspertiz\u00eb Previous Next Mir\u00eb se vini te&nbsp;Shtegu i Shpres\u00ebs Shtegu i Shpres\u00ebs \u00ebsht\u00eb nj\u00eb qend\u00ebr multidisiplinare q\u00eb ofron k\u00ebshillim, psikoterapi, terapi p\u00ebr f\u00ebmij\u00eb, logopedi, nga terapist\u00eb t\u00eb kualifikuar e t\u00eb licensuar. Kjo qend\u00ebr ofron terapi dhe k\u00ebshillim individual, p\u00ebr familje dhe grupe n\u00eb mjediset tona dhe online M\u00eb &hellip; <a href=\"https:\/\/shteguishpreses.com\/\" class=\"more-link\">Continue reading<span class=\"screen-reader-text\"> &#8220;Kryefaqja&#8221;<\/span><\/a><\/p>\n","protected":false},"author":1,"featured_media":0,"parent":0,"menu_order":1,"comment_status":"closed","ping_status":"closed","template":"","meta":{"om_disable_all_campaigns":false,"_monsterinsights_skip_tracking":false,"_monsterinsights_sitenote_active":false,"_monsterinsights_sitenote_note":"","_monsterinsights_sitenote_category":0,"footnotes":""},"class_list":["post-1260","page","type-page","status-publish","hentry"],"jetpack_sharing_enabled":true,"_links":{"self":[{"href":"https:\/\/shteguishpreses.com\/index.php\/wp-json\/wp\/v2\/pages\/1260"}],"collection":[{"href":"https:\/\/shteguishpreses.com\/index.php\/wp-json\/wp\/v2\/pages"}],"about":[{"href":"https:\/\/shteguishpreses.com\/index.php\/wp-json\/wp\/v2\/types\/page"}],"author":[{"embeddable":true,"href":"https:\/\/shteguishpreses.com\/index.php\/wp-json\/wp\/v2\/users\/1"}],"replies":[{"embeddable":true,"href":"https:\/\/shteguishpreses.com\/index.php\/wp-json\/wp\/v2\/comments?post=1260"}],"version-history":[{"count":3,"href":"https:\/\/shteguishpreses.com\/index.php\/wp-json\/wp\/v2\/pages\/1260\/revisions"}],"predecessor-version":[{"id":1327,"href":"https:\/\/shteguishpreses.com\/index.php\/wp-json\/wp\/v2\/pages\/1260\/revisions\/1327"}],"wp:attachment":[{"href":"https:\/\/shteguishpreses.com\/index.php\/wp-json\/wp\/v2\/media?parent=1260"}],"curies":[{"name":"wp","href":"https:\/\/api.w.org\/{rel}","templated":true}]}}