{"id":1261,"date":"2023-02-17T09:13:36","date_gmt":"2023-02-17T09:13:36","guid":{"rendered":"http:\/\/shteguishpreses.com\/index.php\/kontakt-3\/"},"modified":"2023-02-17T09:13:54","modified_gmt":"2023-02-17T09:13:54","slug":"kontakt-3","status":"publish","type":"page","link":"https:\/\/shteguishpreses.com\/index.php\/kontakt-3\/","title":{"rendered":"Kontakt"},"content":{"rendered":"<body>\n  \n    <section class=\"u-carousel u-slide u-block-e0f2-1\" id=\"carousel_26a0\" data-interval=\"5000\" data-u-ride=\"carousel\">\n      <ol class=\"u-absolute-hcenter u-carousel-indicators u-block-e0f2-2\">\n        <li data-u-target=\"#carousel_26a0\" class=\"u-active u-grey-30\" data-u-slide-to=\"0\"><\/li>\n        <li data-u-target=\"#carousel_26a0\" class=\"u-grey-30\" data-u-slide-to=\"1\"><\/li>\n        <li data-u-target=\"#carousel_26a0\" class=\"u-grey-30\" data-u-slide-to=\"2\"><\/li>\n      <\/ol>\n      <div class=\"u-carousel-inner\" role=\"listbox\">\n        <div class=\"u-active u-align-center u-carousel-item u-clearfix u-image u-shading u-section-1-1\" src=\"\" data-image-width=\"1280\" data-image-height=\"720\" style=\"background-image: linear-gradient(0deg, rgba(0, 0, 0, 0.5), rgba(0, 0, 0, 0.5)), url(&quot;https:\/\/shteguishpreses.com\/wp-content\/uploads\/2023\/02\/kontkat-3.jpg&quot;);\">\n          <div class=\"u-clearfix u-sheet u-valign-middle u-sheet-1\">\n            <h1 class=\"u-small-text u-text u-text-default u-text-variant u-text-1\">Profesionaliz\u00ebm<\/h1>\n          <\/div>\n        <\/div>\n        <div class=\"u-align-center u-carousel-item u-clearfix u-image u-shading u-section-1-2\" src=\"\" data-image-width=\"1600\" data-image-height=\"916\" style=\"background-image: linear-gradient(0deg, rgba(0, 0, 0, 0.5), rgba(0, 0, 0, 0.5)), url(&quot;https:\/\/shteguishpreses.com\/wp-content\/uploads\/2023\/02\/dhoma1-3.jpg&quot;);\">\n          <div class=\"u-clearfix u-sheet u-sheet-1\">\n            <h1 class=\"u-small-text u-text u-text-default u-text-variant u-text-1\"> Konfidencialitet<\/h1>\n          <\/div>\n        <\/div>\n        <div class=\"u-align-center u-carousel-item u-clearfix u-image u-shading u-section-1-3\" src=\"\" data-image-width=\"1600\" data-image-height=\"1103\" style=\"background-image: linear-gradient(0deg, rgba(0, 0, 0, 0.5), rgba(0, 0, 0, 0.5)), url(&quot;https:\/\/shteguishpreses.com\/wp-content\/uploads\/2023\/02\/dhomaefemijeve1-3.jpg&quot;);\">\n          <div class=\"u-clearfix u-sheet u-sheet-1\">\n            <h1 class=\"u-small-text u-text u-text-default u-text-variant u-text-1\"> Ekspertiz\u00eb<\/h1>\n          <\/div>\n        <\/div>\n      <\/div>\n      <a class=\"u-absolute-vcenter u-carousel-control u-carousel-control-prev u-hidden u-text-white u-block-e0f2-3\" href=\"#carousel_26a0\" role=\"button\" data-u-slide=\"prev\">\n        <span aria-hidden=\"true\">\n          <svg class=\"u-svg-link\" viewbox=\"0 0 477.175 477.175\"><path d=\"M145.188,238.575l215.5-215.5c5.3-5.3,5.3-13.8,0-19.1s-13.8-5.3-19.1,0l-225.1,225.1c-5.3,5.3-5.3,13.8,0,19.1l225.1,225\n                    c2.6,2.6,6.1,4,9.5,4s6.9-1.3,9.5-4c5.3-5.3,5.3-13.8,0-19.1L145.188,238.575z\"><\/path><\/svg>\n        <\/span>\n        <span class=\"sr-only\">Previous<\/span>\n      <\/a>\n      <a class=\"u-absolute-vcenter u-carousel-control u-carousel-control-next u-hidden u-text-white u-block-e0f2-4\" href=\"#carousel_26a0\" role=\"button\" data-u-slide=\"next\">\n        <span aria-hidden=\"true\">\n          <svg class=\"u-svg-link\" viewbox=\"0 0 477.175 477.175\"><path d=\"M360.731,229.075l-225.1-225.1c-5.3-5.3-13.8-5.3-19.1,0s-5.3,13.8,0,19.1l215.5,215.5l-215.5,215.5\n                    c-5.3,5.3-5.3,13.8,0,19.1c2.6,2.6,6.1,4,9.5,4c3.4,0,6.9-1.3,9.5-4l225.1-225.1C365.931,242.875,365.931,234.275,360.731,229.075z\"><\/path><\/svg>\n        <\/span>\n        <span class=\"sr-only\">Next<\/span>\n      <\/a>\n    <\/section>\n    <section class=\"u-align-center u-clearfix u-gradient u-section-2\" id=\"carousel_0e0a\">\n      <div class=\"u-clearfix u-sheet u-sheet-1\">\n        <h2 class=\"u-custom-font u-font-playfair-display u-text u-text-default u-text-1\">Na kontaktoni<\/h2>\n        <p class=\"u-custom-font u-font-playfair-display u-text u-text-default u-text-2\">Ju lutemi plot\u00ebsoni formularin e m\u00ebposht\u00ebm:<\/p>\n        <div class=\"u-align-center u-container-style u-custom-color-5 u-group u-radius-30 u-shape-round u-group-1\">\n          <div class=\"u-container-layout u-container-layout-1\">\n            <div class=\"u-expanded-width u-form u-form-1\">\n                      <script>\n            function onSuccess(event) {\n                if (typeof window.serviceRequest !== 'undefined') {\n                    window.serviceRequest(jQuery(this).find('form'));\n                }\n                var msgContainer = jQuery(event.currentTarget).find('.wpcf7-response-output');\n                msgContainer.removeClass('u-form-send-error').addClass('u-form-send-message u-form-send-success');\n                msgContainer.show();\n                var redirectAddress = jQuery(event.currentTarget).find('[redirect-address]').attr('redirect-address');\n                if (redirectAddress) {\n                    setTimeout(function () {\n                        location.replace(redirectAddress);\n                    }, 2000);\n                }\n            }\n            function onError(event) {\n                var msgContainer = jQuery(event.currentTarget).find('.wpcf7-response-output');\n                msgContainer.removeClass('u-form-send-success').addClass('u-form-send-message u-form-send-error');\n                msgContainer.show();\n            }\n\n            jQuery('body')\n                .on('wpcf7mailsent',   '.u-form .wpcf7', onSuccess)\n                .on('wpcf7invalid',    '.u-form .wpcf7', onError)\n                .on('wpcf7:unaccepted', '.u-form .wpcf7', onError)\n                .on('wpcf7spam',       '.u-form .wpcf7', onError)\n                .on('wpcf7:aborted',    '.u-form .wpcf7', onError)\n                .on('wpcf7mailfailed', '.u-form .wpcf7', onError);\n        <\/script>\n        <style>\n            .u-form .wpcf7-response-output {\n                \/*position: relative !important;*\/\n                margin: 0 !important;\n                bottom: -70px!important;\n            }\n            .u-form .wpcf7 .ajax-loader {\n                margin-left: -24px;\n                margin-right: 0;\n            }\n        <\/style>\n\n<div class=\"wpcf7 no-js\" id=\"wpcf7-f1286-o1\" lang=\"en-US\" dir=\"ltr\" data-wpcf7-id=\"1286\">\n<div class=\"screen-reader-response\"><p role=\"status\" aria-live=\"polite\" aria-atomic=\"true\"><\/p> <ul><\/ul><\/div>\n<form style=\"padding: 0px;\" action=\"\/index.php\/wp-json\/wp\/v2\/pages\/1261#wpcf7-f1286-o1\" method=\"post\" class=\"wpcf7-form init u-clearfix u-form-spacing-15 u-form-vertical u-inner-form u-form-custom-backend\" aria-label=\"Contact form\" novalidate=\"novalidate\" data-status=\"init\">\n<div style=\"display: none;\">\n<input type=\"hidden\" name=\"_wpcf7\" value=\"1286\">\n<input type=\"hidden\" name=\"_wpcf7_version\" value=\"6.0.6\">\n<input type=\"hidden\" name=\"_wpcf7_locale\" value=\"en_US\">\n<input type=\"hidden\" name=\"_wpcf7_unit_tag\" value=\"wpcf7-f1286-o1\">\n<input type=\"hidden\" name=\"_wpcf7_container_post\" value=\"0\">\n<input type=\"hidden\" name=\"_wpcf7_posted_data_hash\" value=\"\">\n<\/div>\n\n                <div class=\"u-form-group wpcf7-form-control-wrap u-form-name\">\n                  <label for=\"name-4c18\" class=\"u-label\">Emri dhe mbiemri<\/label>\n                  <input type=\"text\" placeholder=\"Emri i plot\u00eb\" id=\"name-4c18\" name=\"name1\" class=\"u-border-2 u-border-palette-4-light-3 u-input wpcf7-form-control u-input-rectangle u-palette-4-light-3 u-radius-10\" required=\"\">\n                <\/div>\n                <div class=\"u-form-email u-form-group wpcf7-form-control-wrap\">\n                  <label for=\"email-4c18\" class=\"u-label\">E-mail<\/label>\n                  <input type=\"email\" placeholder=\"Adresa juaj e sakt\u00eb e e-mailit\" id=\"email-4c18\" name=\"email\" class=\"u-border-2 u-border-palette-4-light-3 u-input wpcf7-form-control u-input-rectangle u-palette-4-light-3 u-radius-10\" required=\"\">\n                <\/div>\n                <div class=\"u-form-group wpcf7-form-control-wrap u-form-phone u-form-group wpcf7-form-control-wrap-3\">\n                  <label for=\"phone-34cb\" class=\"u-label\">Numri i telefonit<\/label>\n                  <input type=\"tel\" pattern=\"+?d{0,3}[s(-]?([0-9]{2,3})[s)-]?([s-]?)([0-9]{3})[s-]?([0-9]{2})[s-]?([0-9]{2})\" placeholder=\"Numri i plot\u00eb i telefonit\" id=\"phone-34cb\" name=\"phone\" class=\"u-border-2 u-border-palette-4-light-3 u-input wpcf7-form-control u-input-rectangle u-palette-4-light-3 u-radius-10\" required=\"\">\n                <\/div>\n                <div class=\"u-form-group wpcf7-form-control-wrap u-form-message\">\n                  <label for=\"message-4c18\" class=\"u-label\">Komenti juaj<\/label>\n                  <textarea placeholder=\"Shkruani komentin tuaj\" rows=\"4\" cols=\"50\" id=\"message-4c18\" name=\"message\" class=\"u-border-2 u-border-palette-4-light-3 u-input wpcf7-form-control u-input-rectangle u-palette-4-light-3 u-radius-10\" required=\"\"><\/textarea>\n                <\/div>\n                <div class=\"u-align-right u-form-group wpcf7-form-control-wrap u-form-submit wpcf7-form-control\">\n                  <a href=\"#\" class=\"u-active-custom-color-1 u-border-5 u-border-active-custom-color-5 u-border-hover-custom-color-2 u-border-palette-1-base u-btn u-btn-round u-btn-submit wpcf7-submit u-button-style u-custom-color-1 u-custom-font u-font-playfair-display u-hover-custom-color-2 u-radius-10 u-btn-1\">D\u00ebrgoje<\/a>\n                  <input type=\"submit\" value=\"submit\" class=\"u-form-control-hidden\">\n                <\/div>\n                <div class=\"u-form-send-message u-form-send-success\"> Thank you! Your message has been sent. <\/div>\n                <div class=\"u-form-send-error u-form-send-message\"> Unable to send your message. Please fix errors then try again. <\/div>\n                <input type=\"hidden\" value=\"\" name=\"recaptchaResponse\">\n              <input type=\"hidden\" name=\"_contact7_backend\" value=\"1\"><p style=\"display: none !important;\" class=\"akismet-fields-container\" data-prefix=\"_wpcf7_ak_\"><label>\u0394<textarea name=\"_wpcf7_ak_hp_textarea\" cols=\"45\" rows=\"8\" maxlength=\"100\"><\/textarea><\/label><input type=\"hidden\" id=\"ak_js_1\" name=\"_wpcf7_ak_js\" value=\"0\"><script>document.getElementById( \"ak_js_1\" ).setAttribute( \"value\", ( new Date() ).getTime() );<\/script><\/p><div class=\"wpcf7-response-output\" aria-hidden=\"true\"><\/div>\n<\/form>\n<\/div>\n\n            <\/div>\n          <\/div>\n        <\/div>\n      <\/div>\n    <\/section>\n    <section class=\"u-clearfix u-section-3\" id=\"sec-44cf\">\n      <div class=\"u-clearfix u-sheet u-sheet-1\">\n        <div class=\"u-expanded u-grey-light-2 u-map\">\n          <div class=\"embed-responsive\">\n            <iframe class=\"embed-responsive-item\" src=\"https:\/\/www.google.com\/maps\/embed?pb=!1m14!1m8!1m3!1d11985.040097394183!2d19.8118643!3d41.3249588!3m2!1i1024!2i768!4f13.1!3m3!1m2!1s0x0%3A0xd3e587ca5381281c!2sQendra%20%22Shtegu%20i%20Shpres%C3%ABs%22!5e0!3m2!1ssq!2s!4v1660760426526!5m2!1ssq!2s\" data-map=\"JTdCJTIycG9zaXRpb25UeXBlJTIyJTNBJTIybWFwLWVtYmVkJTIyJTJDJTIyYWRkcmVzcyUyMiUzQSUyMk1hbmhhdHRhbiUyQyUyME5ldyUyMFlvcmslMjIlMkMlMjJ6b29tJTIyJTNBMTAlMkMlMjJ0eXBlSWQlMjIlM0ElMjJyb2FkJTIyJTJDJTIybGFuZyUyMiUzQW51bGwlMkMlMjJhcGlLZXklMjIlM0FudWxsJTJDJTIybWFya2VycyUyMiUzQSU1QiU1RCUyQyUyMmVtYmVkJTIyJTNBJTIyaHR0cHMlM0ElMkYlMkZ3d3cuZ29vZ2xlLmNvbSUyRm1hcHMlMkZlbWJlZCUzRnBiJTNEITFtMTQhMW04ITFtMyExZDExOTg1LjA0MDA5NzM5NDE4MyEyZDE5LjgxMTg2NDMhM2Q0MS4zMjQ5NTg4ITNtMiExaTEwMjQhMmk3NjghNGYxMy4xITNtMyExbTIhMXMweDAlMjUzQTB4ZDNlNTg3Y2E1MzgxMjgxYyEyc1FlbmRyYSUyNTIwJTI1MjJTaHRlZ3UlMjUyMGklMjUyMFNocHJlcyUyNUMzJTI1QUJzJTI1MjIhNWUwITNtMiExc3NxITJzITR2MTY2MDc2MDQyNjUyNiE1bTIhMXNzcSEycyUyMiU3RA==\"><\/iframe>\n          <\/div>\n        <\/div>\n      <\/div>\n    <\/section>\n    \n    \n    \n  \n<\/body>","protected":false},"excerpt":{"rendered":"<p>Profesionaliz\u00ebm Konfidencialitet Ekspertiz\u00eb Previous Next Na kontaktoni Ju lutemi plot\u00ebsoni formularin e m\u00ebposht\u00ebm: Emri dhe mbiemri E-mail Numri i telefonit Komenti juaj D\u00ebrgoje Thank you! Your message has been sent. Unable to send your message. Please fix errors then try again. &#916;<\/p>\n","protected":false},"author":1,"featured_media":0,"parent":0,"menu_order":2,"comment_status":"closed","ping_status":"closed","template":"","meta":{"om_disable_all_campaigns":false,"_monsterinsights_skip_tracking":false,"_monsterinsights_sitenote_active":false,"_monsterinsights_sitenote_note":"","_monsterinsights_sitenote_category":0,"footnotes":""},"class_list":["post-1261","page","type-page","status-publish","hentry"],"jetpack_sharing_enabled":true,"_links":{"self":[{"href":"https:\/\/shteguishpreses.com\/index.php\/wp-json\/wp\/v2\/pages\/1261"}],"collection":[{"href":"https:\/\/shteguishpreses.com\/index.php\/wp-json\/wp\/v2\/pages"}],"about":[{"href":"https:\/\/shteguishpreses.com\/index.php\/wp-json\/wp\/v2\/types\/page"}],"author":[{"embeddable":true,"href":"https:\/\/shteguishpreses.com\/index.php\/wp-json\/wp\/v2\/users\/1"}],"replies":[{"embeddable":true,"href":"https:\/\/shteguishpreses.com\/index.php\/wp-json\/wp\/v2\/comments?post=1261"}],"version-history":[{"count":1,"href":"https:\/\/shteguishpreses.com\/index.php\/wp-json\/wp\/v2\/pages\/1261\/revisions"}],"predecessor-version":[{"id":1285,"href":"https:\/\/shteguishpreses.com\/index.php\/wp-json\/wp\/v2\/pages\/1261\/revisions\/1285"}],"wp:attachment":[{"href":"https:\/\/shteguishpreses.com\/index.php\/wp-json\/wp\/v2\/media?parent=1261"}],"curies":[{"name":"wp","href":"https:\/\/api.w.org\/{rel}","templated":true}]}}