{"id":1262,"date":"2023-02-17T09:13:37","date_gmt":"2023-02-17T09:13:37","guid":{"rendered":"http:\/\/shteguishpreses.com\/index.php\/gjergji_vjeshta-3\/"},"modified":"2023-09-26T07:05:01","modified_gmt":"2023-09-26T07:05:01","slug":"pranvera_dhima-3","status":"publish","type":"page","link":"https:\/\/shteguishpreses.com\/index.php\/pranvera_dhima-3\/","title":{"rendered":"pranvera_dhima"},"content":{"rendered":"<body>\n    \n    <section class=\"u-clearfix u-section-2\" id=\"sec-9d93\">\n      <div class=\"u-clearfix u-sheet u-valign-middle u-sheet-1\">\n        <div class=\"u-clearfix u-expanded-width u-gutter-0 u-layout-wrap u-layout-wrap-1\">\n          <div class=\"u-layout\">\n            <div class=\"u-layout-row\">\n              <div class=\"u-align-center u-container-style u-layout-cell u-left-cell u-size-23 u-layout-cell-1\">\n                <div class=\"u-container-layout u-valign-middle u-container-layout-1\">\n                  <div alt=\"\" class=\"u-image u-image-circle u-image-1\" src=\"\" data-image-width=\"425\" data-image-height=\"543\" style=\"background-image: url(&quot;http:\/\/shteguishpreses.com\/wp-content\/uploads\/2023\/09\/PranveraDhima.jpeg&quot;);\"><\/div>\n                <\/div>\n              <\/div>\n              <div class=\"u-align-left u-container-style u-layout-cell u-right-cell u-size-37 u-layout-cell-2\">\n                <div class=\"u-container-layout u-container-layout-2\">\n                  <h2 class=\"u-text u-text-1\">Pranvera Dhima<\/h2>\n                  <p class=\"u-custom-font u-font-playfair-display u-text u-text-2\">Pranvera Dhima \u00ebsht\u00eb Drejtor Ekzekutiv i Fondacionit \u201cShtegu i Shpres\u00ebs\u201d.\u00a0Ajo ka p\u00ebrfunduar studimet n\u00eb nivelin Bachelor dhe Master n\u00eb Fakultetin e Shkencave Sociale, dega \u201cPun\u00eb Sociale\u201d, n\u00eb Universitetin e Tiran\u00ebs.<br>\n                    <br>Me nj\u00eb p\u00ebrvoj\u00eb pothuajse 20-vje\u00e7are, Pranvera ka sh\u00ebrbyer n\u00eb nj\u00eb s\u00ebr\u00eb funksionesh, p\u00ebrfshir\u00eb themeluese e Qendr\u00ebs \u201cACT - Trajnime Prind\u00ebrimi &amp; K\u00ebshillim\u201d dhe trajnuese e k\u00ebshilluese p\u00ebr prind\u00ebr dhe profesionist\u00eb q\u00eb punojn\u00eb me f\u00ebmij\u00eb, drejtor programi dhe konsulente n\u00eb fondacionin \u201cKrah\u00ebt e Shqiponj\u00ebs\u201d, punonj\u00ebse sociale n\u00eb sistemin e drejt\u00ebsis\u00eb, dhe an\u00ebtare bordi dhe drejtuese e Departamentit t\u00eb Trajnimeve pran\u00eb Qendr\u00ebs Rinore  \u201cPO\u201d.<br>\n                    <br>Pranvera e konsideron familjen p\u00ebrpar\u00ebsi dhe jeton n\u00eb Tiran\u00eb me bashk\u00ebshortin dhe dy f\u00ebmij\u00ebt e tyre. Ajo e ka pasion fuqizimin dhe aft\u00ebsimin e njer\u00ebzve p\u00ebr t\u00eb arritur potencialin e tyre t\u00eb plot\u00eb. Motoja e saj \u00ebsht\u00eb: \u201cFuqizimi i brendsh\u00ebm \u00ebsht\u00eb ndihma m\u00eb e madhe q\u00eb mund t'i ofrosh dikujt\u201d.\n                  <\/p>\n                <\/div>\n              <\/div>\n            <\/div>\n          <\/div>\n        <\/div>\n      <\/div>\n    <\/section>\n    <section class=\"u-align-center u-clearfix u-white u-section-3\" id=\"sec-508f\">\n      <div class=\"u-clearfix u-sheet u-valign-middle-xs u-sheet-1\">\n        <blockquote class=\"u-align-center-sm u-align-center-xs u-border-20 u-border-custom-color-3 u-custom-font u-font-playfair-display u-text u-text-custom-color-1 u-text-default u-text-1\">Skuadra jon\u00eb<\/blockquote>\n        <p class=\"u-custom-font u-font-playfair-display u-text u-text-2\">Shtegu\ni Shpres\u00ebs \u00ebsht\u00eb fryt i nj\u00eb bashk\u00ebpunimi t\u00eb ngusht\u00eb me nj\u00eb grup psikolog\u00ebsh n\u00eb Karolin\u00ebn e Veriut t\u00eb Shteteve t\u00eb Bashkuara t\u00eb Amerik\u00ebs. <\/p>\n        <a href=\"http:\/\/shteguishpreses.com\/index.php\/skuadra-jone-3\/\" class=\"u-border-none u-btn u-btn-round u-button-style u-custom-color-1 u-hover-white u-radius-6 u-btn-1\">Njihu me pjes\u00ebn tjet\u00ebr<br>t\u00eb skuadr\u00ebs son\u00eb \n        <\/a>\n      <\/div>\n    <\/section>\n    \n    \n  \n<\/body>","protected":false},"excerpt":{"rendered":"<p>Pranvera Dhima Pranvera Dhima \u00ebsht\u00eb Drejtor Ekzekutiv i Fondacionit \u201cShtegu i Shpres\u00ebs\u201d.&nbsp;Ajo ka p\u00ebrfunduar studimet n\u00eb nivelin Bachelor dhe Master n\u00eb Fakultetin e Shkencave Sociale, dega \u201cPun\u00eb Sociale\u201d, n\u00eb Universitetin e Tiran\u00ebs. Me nj\u00eb p\u00ebrvoj\u00eb pothuajse 20-vje\u00e7are, Pranvera ka sh\u00ebrbyer n\u00eb nj\u00eb s\u00ebr\u00eb funksionesh, p\u00ebrfshir\u00eb themeluese e Qendr\u00ebs \u201cACT &#8211; Trajnime Prind\u00ebrimi &amp; K\u00ebshillim\u201d dhe &hellip; <a href=\"https:\/\/shteguishpreses.com\/index.php\/pranvera_dhima-3\/\" class=\"more-link\">Continue reading<span class=\"screen-reader-text\"> &#8220;pranvera_dhima&#8221;<\/span><\/a><\/p>\n","protected":false},"author":1,"featured_media":0,"parent":0,"menu_order":3,"comment_status":"closed","ping_status":"closed","template":"","meta":{"om_disable_all_campaigns":false,"_monsterinsights_skip_tracking":false,"_monsterinsights_sitenote_active":false,"_monsterinsights_sitenote_note":"","_monsterinsights_sitenote_category":0,"footnotes":""},"class_list":["post-1262","page","type-page","status-publish","hentry"],"jetpack_sharing_enabled":true,"_links":{"self":[{"href":"https:\/\/shteguishpreses.com\/index.php\/wp-json\/wp\/v2\/pages\/1262"}],"collection":[{"href":"https:\/\/shteguishpreses.com\/index.php\/wp-json\/wp\/v2\/pages"}],"about":[{"href":"https:\/\/shteguishpreses.com\/index.php\/wp-json\/wp\/v2\/types\/page"}],"author":[{"embeddable":true,"href":"https:\/\/shteguishpreses.com\/index.php\/wp-json\/wp\/v2\/users\/1"}],"replies":[{"embeddable":true,"href":"https:\/\/shteguishpreses.com\/index.php\/wp-json\/wp\/v2\/comments?post=1262"}],"version-history":[{"count":3,"href":"https:\/\/shteguishpreses.com\/index.php\/wp-json\/wp\/v2\/pages\/1262\/revisions"}],"predecessor-version":[{"id":1321,"href":"https:\/\/shteguishpreses.com\/index.php\/wp-json\/wp\/v2\/pages\/1262\/revisions\/1321"}],"wp:attachment":[{"href":"https:\/\/shteguishpreses.com\/index.php\/wp-json\/wp\/v2\/media?parent=1262"}],"curies":[{"name":"wp","href":"https:\/\/api.w.org\/{rel}","templated":true}]}}