{"id":1264,"date":"2023-02-17T09:13:39","date_gmt":"2023-02-17T09:13:39","guid":{"rendered":"http:\/\/shteguishpreses.com\/index.php\/arion_skenderi-3\/"},"modified":"2023-02-17T09:13:54","modified_gmt":"2023-02-17T09:13:54","slug":"arion_skenderi-3","status":"publish","type":"page","link":"https:\/\/shteguishpreses.com\/index.php\/arion_skenderi-3\/","title":{"rendered":"arion_skenderi"},"content":{"rendered":"<body>\n  \n    <section class=\"u-clearfix u-section-1\" id=\"sec-9d93\">\n      <div class=\"u-clearfix u-sheet u-valign-middle u-sheet-1\">\n        <div class=\"u-clearfix u-expanded-width u-gutter-0 u-layout-wrap u-layout-wrap-1\">\n          <div class=\"u-layout\">\n            <div class=\"u-layout-row\">\n              <div class=\"u-align-center u-container-style u-layout-cell u-left-cell u-size-23 u-layout-cell-1\">\n                <div class=\"u-container-layout u-valign-middle u-container-layout-1\">\n                  <div alt=\"\" class=\"u-image u-image-circle u-image-1\" src=\"\" data-image-width=\"1188\" data-image-height=\"1218\" style=\"background-image: url(&quot;https:\/\/shteguishpreses.com\/wp-content\/uploads\/2023\/02\/arion1-3.jpg&quot;);\"><\/div>\n                <\/div>\n              <\/div>\n              <div class=\"u-align-left u-container-style u-layout-cell u-right-cell u-size-37 u-layout-cell-2\">\n                <div class=\"u-container-layout u-valign-top-xs u-container-layout-2\">\n                  <h2 class=\"u-text u-text-1\">Dr. Arion Sk\u00ebnderi<\/h2>\n                  <p class=\"u-custom-font u-font-playfair-display u-text u-text-2\"> Dr. Arion Sk\u00ebnderi ka p\u00ebrfunduar studimet universitare dhe pasuniversitare n\u00eb Shqip\u00ebri, Austri dhe Shtetet e Bashkuara. P\u00ebrvoja e tij 30-vje\u00e7are p\u00ebrfshin m\u00ebsimdh\u00ebnien, administrimin e biznesit, menaxhimin e programeve e t\u00eb projekteve, financ\u00ebn, menaxhimin e rrezikut dhe p\u00ebrputhshm\u00ebrin\u00eb ligjore p\u00ebr institucione financiare mbar\u00ebbot\u00ebrore. <br>\n                    <br>Arioni \u00ebsht\u00eb mir\u00ebnjoh\u00ebs q\u00eb p\u00ebrmes k\u00ebsaj qendre po mund\u00ebsohen dhe sigurohen sh\u00ebrbime terapie nga nj\u00eb ekip ekspert\u00ebsh t\u00eb pasionuar n\u00eb mjediset m\u00eb komode dhe n\u00eb privat\u00ebsi t\u00eb plot\u00eb.\u00a0\u00a0<br>\n                  <\/p>\n                <\/div>\n              <\/div>\n            <\/div>\n          <\/div>\n        <\/div>\n      <\/div>\n    <\/section>\n    <section class=\"u-align-center u-clearfix u-white u-section-2\" id=\"sec-b77b\">\n      <div class=\"u-clearfix u-sheet u-valign-middle-xs u-sheet-1\">\n        <blockquote class=\"u-align-center-sm u-align-center-xs u-border-20 u-border-custom-color-3 u-custom-font u-font-playfair-display u-text u-text-custom-color-1 u-text-default u-text-1\">Skuadra jon\u00eb<\/blockquote>\n        <p class=\"u-custom-font u-font-playfair-display u-text u-text-2\">Shtegu\ni Shpres\u00ebs \u00ebsht\u00eb fryt i nj\u00eb bashk\u00ebpunimi t\u00eb ngusht\u00eb me nj\u00eb grup psikolog\u00ebsh n\u00eb Karolin\u00ebn e Veriut t\u00eb Shteteve t\u00eb Bashkuara t\u00eb Amerik\u00ebs. <\/p>\n        <a href=\"http:\/\/shteguishpreses.com\/index.php\/skuadra-jone-3\/\" class=\"u-border-none u-btn u-btn-round u-button-style u-custom-color-1 u-hover-white u-radius-6 u-btn-1\">Njihu me pjes\u00ebn tjet\u00ebr<br>t\u00eb skuadr\u00ebs son\u00eb\n        <\/a>\n      <\/div>\n    <\/section>\n    \n    \n    \n  \n<\/body>","protected":false},"excerpt":{"rendered":"<p>Dr. Arion Sk\u00ebnderi Dr. Arion Sk\u00ebnderi ka p\u00ebrfunduar studimet universitare dhe pasuniversitare n\u00eb Shqip\u00ebri, Austri dhe Shtetet e Bashkuara. P\u00ebrvoja e tij 30-vje\u00e7are p\u00ebrfshin m\u00ebsimdh\u00ebnien, administrimin e biznesit, menaxhimin e programeve e t\u00eb projekteve, financ\u00ebn, menaxhimin e rrezikut dhe p\u00ebrputhshm\u00ebrin\u00eb ligjore p\u00ebr institucione financiare mbar\u00ebbot\u00ebrore. Arioni \u00ebsht\u00eb mir\u00ebnjoh\u00ebs q\u00eb p\u00ebrmes k\u00ebsaj qendre po mund\u00ebsohen dhe &hellip; <a href=\"https:\/\/shteguishpreses.com\/index.php\/arion_skenderi-3\/\" class=\"more-link\">Continue reading<span class=\"screen-reader-text\"> &#8220;arion_skenderi&#8221;<\/span><\/a><\/p>\n","protected":false},"author":1,"featured_media":0,"parent":0,"menu_order":5,"comment_status":"closed","ping_status":"closed","template":"","meta":{"om_disable_all_campaigns":false,"_monsterinsights_skip_tracking":false,"_monsterinsights_sitenote_active":false,"_monsterinsights_sitenote_note":"","_monsterinsights_sitenote_category":0,"footnotes":""},"class_list":["post-1264","page","type-page","status-publish","hentry"],"jetpack_sharing_enabled":true,"_links":{"self":[{"href":"https:\/\/shteguishpreses.com\/index.php\/wp-json\/wp\/v2\/pages\/1264"}],"collection":[{"href":"https:\/\/shteguishpreses.com\/index.php\/wp-json\/wp\/v2\/pages"}],"about":[{"href":"https:\/\/shteguishpreses.com\/index.php\/wp-json\/wp\/v2\/types\/page"}],"author":[{"embeddable":true,"href":"https:\/\/shteguishpreses.com\/index.php\/wp-json\/wp\/v2\/users\/1"}],"replies":[{"embeddable":true,"href":"https:\/\/shteguishpreses.com\/index.php\/wp-json\/wp\/v2\/comments?post=1264"}],"version-history":[{"count":1,"href":"https:\/\/shteguishpreses.com\/index.php\/wp-json\/wp\/v2\/pages\/1264\/revisions"}],"predecessor-version":[{"id":1289,"href":"https:\/\/shteguishpreses.com\/index.php\/wp-json\/wp\/v2\/pages\/1264\/revisions\/1289"}],"wp:attachment":[{"href":"https:\/\/shteguishpreses.com\/index.php\/wp-json\/wp\/v2\/media?parent=1264"}],"curies":[{"name":"wp","href":"https:\/\/api.w.org\/{rel}","templated":true}]}}