{"id":1265,"date":"2023-02-17T09:13:40","date_gmt":"2023-02-17T09:13:40","guid":{"rendered":"http:\/\/shteguishpreses.com\/index.php\/pyetje-e-pergjigje\/"},"modified":"2023-02-17T09:13:54","modified_gmt":"2023-02-17T09:13:54","slug":"pyetje-e-pergjigje","status":"publish","type":"page","link":"https:\/\/shteguishpreses.com\/index.php\/pyetje-e-pergjigje\/","title":{"rendered":"Pyetje e P\u00ebrgjigje"},"content":{"rendered":"<body>\n  \n    <section class=\"u-carousel u-slide u-block-f56f-1\" id=\"carousel_a47e\" data-interval=\"5000\" data-u-ride=\"carousel\">\n      <ol class=\"u-absolute-hcenter u-carousel-indicators u-block-f56f-2\">\n        <li data-u-target=\"#carousel_a47e\" class=\"u-active u-grey-30\" data-u-slide-to=\"0\"><\/li>\n        <li data-u-target=\"#carousel_a47e\" class=\"u-grey-30\" data-u-slide-to=\"1\"><\/li>\n        <li data-u-target=\"#carousel_a47e\" class=\"u-grey-30\" data-u-slide-to=\"2\"><\/li>\n      <\/ol>\n      <div class=\"u-carousel-inner\" role=\"listbox\">\n        <div class=\"u-active u-align-center u-carousel-item u-clearfix u-image u-shading u-section-1-1\" src=\"\" data-image-width=\"1280\" data-image-height=\"720\" style=\"background-image: linear-gradient(0deg, rgba(0, 0, 0, 0.5), rgba(0, 0, 0, 0.5)), url(&quot;https:\/\/shteguishpreses.com\/wp-content\/uploads\/2023\/02\/pyetjepergjigje1-3.jpg&quot;);\">\n          <div class=\"u-clearfix u-sheet u-valign-middle u-sheet-1\">\n            <h1 class=\"u-small-text u-text u-text-default u-text-variant u-text-1\">Profesionaliz\u00ebm<\/h1>\n          <\/div>\n        <\/div>\n        <div class=\"u-align-center u-carousel-item u-clearfix u-image u-shading u-section-1-2\" src=\"\" data-image-width=\"1600\" data-image-height=\"916\" style=\"background-image: linear-gradient(0deg, rgba(0, 0, 0, 0.5), rgba(0, 0, 0, 0.5)), url(&quot;https:\/\/shteguishpreses.com\/wp-content\/uploads\/2023\/02\/dhoma1-3.jpg&quot;);\">\n          <div class=\"u-clearfix u-sheet u-sheet-1\">\n            <h1 class=\"u-small-text u-text u-text-default u-text-variant u-text-1\"> Konfidencialitet<\/h1>\n          <\/div>\n        <\/div>\n        <div class=\"u-align-center u-carousel-item u-clearfix u-image u-shading u-section-1-3\" src=\"\" data-image-width=\"1600\" data-image-height=\"1103\" style=\"background-image: linear-gradient(0deg, rgba(0, 0, 0, 0.5), rgba(0, 0, 0, 0.5)), url(&quot;https:\/\/shteguishpreses.com\/wp-content\/uploads\/2023\/02\/dhomaefemijeve1-3.jpg&quot;);\">\n          <div class=\"u-clearfix u-sheet u-sheet-1\">\n            <h1 class=\"u-small-text u-text u-text-default u-text-variant u-text-1\"> Ekspertiz\u00eb<\/h1>\n          <\/div>\n        <\/div>\n      <\/div>\n      <a class=\"u-absolute-vcenter u-carousel-control u-carousel-control-prev u-hidden u-text-white u-block-f56f-3\" href=\"#carousel_a47e\" role=\"button\" data-u-slide=\"prev\">\n        <span aria-hidden=\"true\">\n          <svg class=\"u-svg-link\" viewbox=\"0 0 477.175 477.175\"><path d=\"M145.188,238.575l215.5-215.5c5.3-5.3,5.3-13.8,0-19.1s-13.8-5.3-19.1,0l-225.1,225.1c-5.3,5.3-5.3,13.8,0,19.1l225.1,225\n                    c2.6,2.6,6.1,4,9.5,4s6.9-1.3,9.5-4c5.3-5.3,5.3-13.8,0-19.1L145.188,238.575z\"><\/path><\/svg>\n        <\/span>\n        <span class=\"sr-only\">Previous<\/span>\n      <\/a>\n      <a class=\"u-absolute-vcenter u-carousel-control u-carousel-control-next u-hidden u-text-white u-block-f56f-4\" href=\"#carousel_a47e\" role=\"button\" data-u-slide=\"next\">\n        <span aria-hidden=\"true\">\n          <svg class=\"u-svg-link\" viewbox=\"0 0 477.175 477.175\"><path d=\"M360.731,229.075l-225.1-225.1c-5.3-5.3-13.8-5.3-19.1,0s-5.3,13.8,0,19.1l215.5,215.5l-215.5,215.5\n                    c-5.3,5.3-5.3,13.8,0,19.1c2.6,2.6,6.1,4,9.5,4c3.4,0,6.9-1.3,9.5-4l225.1-225.1C365.931,242.875,365.931,234.275,360.731,229.075z\"><\/path><\/svg>\n        <\/span>\n        <span class=\"sr-only\">Next<\/span>\n      <\/a>\n    <\/section>\n    <section class=\"u-align-center u-clearfix u-palette-1-light-2 u-section-2\" id=\"sec-66bd\">\n      <div class=\"u-clearfix u-sheet u-valign-middle u-sheet-1\">\n        <h2 class=\"u-text u-text-default u-text-1\">Pyetje\u00a0 E\u00a0 p\u00ebrgjigje<\/h2>\n        <p class=\"u-custom-font u-font-playfair-display u-text u-text-2\">Klikoni mbi shenj\u00ebn + p\u00ebr t\u00eb zbuluar p\u00ebrgjigjet:<\/p>\n        <div class=\"u-accordion u-collapsed-by-default u-faq u-spacing-10 u-accordion-1\">\n          <div class=\"u-accordion-item\">\n            <a class=\"u-accordion-link u-active-white u-border-2 u-border-active-grey-75 u-border-grey-40 u-border-hover-grey-75 u-button-style u-custom-font u-font-playfair-display u-hover-white u-radius-7 u-text-active-black u-text-grey-50 u-text-hover-black u-white u-accordion-link-1\" id=\"link-accordion-f600\" aria-controls=\"accordion-f600\" aria-selected=\"false\">\n              <span class=\"u-accordion-link-text\"><b>\u00c7far\u00eb sh\u00ebrbimesh ofron qendra juaj?<\/b>\u00a0\u00a0\n              <\/span><span class=\"u-accordion-link-icon u-icon u-text-active-black u-text-hover-black u-icon-1\"><svg class=\"u-svg-link\" preserveaspectratio=\"xMidYMin slice\" viewbox=\"0 0 426.66667 426.66667\" style=\"\"><use xmlns:xlink=\"http:\/\/www.w3.org\/1999\/xlink\" xlink:href=\"#svg-b6d8\"><\/use><\/svg><svg class=\"u-svg-content\" viewbox=\"0 0 426.66667 426.66667\" id=\"svg-b6d8\"><path d=\"m405.332031 192h-170.664062v-170.667969c0-11.773437-9.558594-21.332031-21.335938-21.332031-11.773437 0-21.332031 9.558594-21.332031 21.332031v170.667969h-170.667969c-11.773437 0-21.332031 9.558594-21.332031 21.332031 0 11.777344 9.558594 21.335938 21.332031 21.335938h170.667969v170.664062c0 11.777344 9.558594 21.335938 21.332031 21.335938 11.777344 0 21.335938-9.558594 21.335938-21.335938v-170.664062h170.664062c11.777344 0 21.335938-9.558594 21.335938-21.335938 0-11.773437-9.558594-21.332031-21.335938-21.332031zm0 0\"><\/path><\/svg><\/span>\n            <\/a>\n            <div class=\"u-accordion-pane u-container-style u-expanded-width u-white u-accordion-pane-1\" id=\"accordion-f600\" aria-labelledby=\"link-accordion-f600\">\n              <div class=\"u-container-layout u-container-layout-1\">\n                <div class=\"fr-view u-clearfix u-rich-text u-text\">\n                  <p id=\"isPasted\">\n                    <span class=\"u-custom-font u-font-playfair-display\">Shtegu i Shpres\u00ebs ofron sh\u00ebrbim cil\u00ebsor dhe profesional p\u00ebr f\u00ebmij\u00eb, adoleshent\u00eb, t\u00eb rritur, \u00e7ifte, familje dhe grupe p\u00ebr k\u00ebto tematika: Terapi p\u00ebrmes loj\u00ebs, depresioni, ankthi, fobit\u00eb, hiperaktiviteti (ADHD), autizmi, refuzimi e bullizmi, var\u00ebsi t\u00eb ndryshme, abuzimi e dhuna, problematika t\u00eb identitetit, sjellje kompulsive, \u00e7rregullime t\u00eb t\u00eb ngr\u00ebnit, humbje dhe kalimi i zis\u00eb, problematika t\u00eb adoleshenc\u00ebs, probleme t\u00eb divorcit, prind\u00ebrimi, k\u00ebshillim paramartesor dhe martesor, etj.<br>\n                      <br>Gjithashtu, ne ofrojm\u00eb supervizim profesional p\u00ebr profesionist\u00eb, p\u00ebr punonj\u00ebs organizatash ose p\u00ebrfitues t\u00eb tyre. Shtegu i Shpres\u00ebs ofron edhe paketa t\u00eb personalizuara p\u00ebr nevojat tuaja individuale apo n\u00eb grup p\u00ebrkthyer n\u00eb or\u00eb (seanca k\u00ebshillimi), t\u00eb cilat mund t\u00eb p\u00ebrdoren n\u00eb momente t\u00eb caktuara sipas nevoj\u00ebs. Gjithashtu, mund t\u00eb ndihmoni n\u00eb m\u00ebnyr\u00eb profesionale stafin tuaj (individualisht apo n\u00eb grup) me teknika apo aft\u00ebsi t\u00eb \u00e7\u00ebshtjeve t\u00eb pun\u00ebs, si burn-out, etj.\n                    <\/span>\n                  <\/p>\n                <\/div>\n              <\/div>\n            <\/div>\n          <\/div>\n          <div class=\"u-accordion-item\">\n            <a class=\"u-accordion-link u-active-white u-border-2 u-border-active-grey-75 u-border-grey-40 u-border-hover-grey-75 u-button-style u-custom-font u-font-playfair-display u-hover-white u-radius-7 u-text-active-black u-text-grey-50 u-text-hover-black u-white u-accordion-link-2\" id=\"link-accordion-72f4\" aria-controls=\"accordion-72f4\" aria-selected=\"false\">\n              <span class=\"u-accordion-link-text\"> N\u00eb Tiran\u00eb ka disa qendra psikoterapie. \u00c7far\u00eb e b\u00ebn te ve\u00e7ant\u00eb qendr\u00ebn tuaj?<\/span><span class=\"u-accordion-link-icon u-icon u-text-active-black u-text-hover-black u-icon-2\"><svg class=\"u-svg-link\" preserveaspectratio=\"xMidYMin slice\" viewbox=\"0 0 426.66667 426.66667\" style=\"\"><use xmlns:xlink=\"http:\/\/www.w3.org\/1999\/xlink\" xlink:href=\"#svg-b250\"><\/use><\/svg><svg class=\"u-svg-content\" viewbox=\"0 0 426.66667 426.66667\" id=\"svg-b250\"><path d=\"m405.332031 192h-170.664062v-170.667969c0-11.773437-9.558594-21.332031-21.335938-21.332031-11.773437 0-21.332031 9.558594-21.332031 21.332031v170.667969h-170.667969c-11.773437 0-21.332031 9.558594-21.332031 21.332031 0 11.777344 9.558594 21.335938 21.332031 21.335938h170.667969v170.664062c0 11.777344 9.558594 21.335938 21.332031 21.335938 11.777344 0 21.335938-9.558594 21.335938-21.335938v-170.664062h170.664062c11.777344 0 21.335938-9.558594 21.335938-21.335938 0-11.773437-9.558594-21.332031-21.335938-21.332031zm0 0\"><\/path><\/svg><\/span>\n            <\/a>\n            <div class=\"u-accordion-pane u-container-style u-expanded-width u-white u-accordion-pane-2\" id=\"accordion-72f4\" aria-labelledby=\"link-accordion-72f4\" wfd-invisible=\"true\">\n              <div class=\"u-container-layout u-container-layout-2\">\n                <div class=\"fr-view u-clearfix u-rich-text u-text\">\n                  <p id=\"isPasted\">\n                    <span class=\"u-custom-font u-font-playfair-display\">Shtegu i Shpres\u00ebs \u00ebsht\u00eb fryt i nj\u00eb bashk\u00ebpunimi t\u00eb ngusht\u00eb me nj\u00eb grup psikolog\u00ebsh n\u00eb Karolin\u00ebn e Veriut t\u00eb Shteteve t\u00eb Bashkuara t\u00eb Amerik\u00ebs. Si partner\u00eb t\u00eb r\u00ebnd\u00ebsish\u00ebm dhe me eksperienc\u00eb disa dhjet\u00ebra-vje\u00e7are n\u00eb k\u00ebt\u00eb fush\u00eb, ata jan\u00eb t\u00eb p\u00ebrkushtuar p\u00ebr t\u00eb sjell\u00eb trajnimet m\u00eb t\u00eb fundit dhe terapit\u00eb m\u00eb efektive p\u00ebr \u00e7do kategori \u00a0t\u00eb sh\u00ebndetit mendor. Krahas k\u00ebsaj, ata mbik\u00ebqyrin dhe supervizojn\u00eb hap pas hapi pun\u00ebn e terapist\u00ebve tan\u00eb p\u00ebrmes vizitave t\u00eb vazhdueshme dhe takimeve virtuale javore. S\u00eb fundi, ata ofrojn\u00eb rregullisht trajnime p\u00ebr grupe dhe nevoja t\u00eb ndryshme.<br>\n                      <br>Ajo \u00e7ka e b\u00ebn qendr\u00ebn ton\u00eb t\u00eb ve\u00e7ant\u00eb jan\u00eb edhe fasilitetet dhe ambientet e qendr\u00ebs son\u00eb, t\u00eb cilat jan\u00eb nga m\u00eb bashk\u00ebkohoret, t\u00eb rehatshme dhe t\u00eb pajisura me gjith\u00e7ka t\u00eb nevojshme p\u00ebr sigurimin e nj\u00eb sh\u00ebrbimi efikas. Po ashtu, dhoma e terapis\u00eb p\u00ebr f\u00ebmij\u00eb \u00ebsht\u00eb e pajisur me gjith\u00e7ka q\u00eb duhet p\u00ebr trajtimin e f\u00ebmij\u00ebve t\u00eb \u00e7do moshe dhe niveli zhvillimi.\n                    <\/span>\n                  <\/p>\n                <\/div>\n              <\/div>\n            <\/div>\n          <\/div>\n          <div class=\"u-accordion-item\">\n            <a class=\"u-accordion-link u-active-white u-border-2 u-border-active-grey-75 u-border-grey-40 u-border-hover-grey-75 u-button-style u-custom-font u-font-playfair-display u-hover-white u-radius-7 u-text-active-black u-text-grey-50 u-text-hover-black u-white u-accordion-link-3\" id=\"link-accordion-854e\" aria-controls=\"accordion-854e\" aria-selected=\"false\">\n              <span class=\"u-accordion-link-text\"> \u00c7far\u00eb i pengon shqiptar\u00ebt t\u00eb shkojn\u00eb tek psikologu?<\/span><span class=\"u-accordion-link-icon u-icon u-text-active-black u-text-hover-black u-icon-3\"><svg class=\"u-svg-link\" preserveaspectratio=\"xMidYMin slice\" viewbox=\"0 0 426.66667 426.66667\" style=\"\"><use xmlns:xlink=\"http:\/\/www.w3.org\/1999\/xlink\" xlink:href=\"#svg-4779\"><\/use><\/svg><svg class=\"u-svg-content\" viewbox=\"0 0 426.66667 426.66667\" id=\"svg-4779\"><path d=\"m405.332031 192h-170.664062v-170.667969c0-11.773437-9.558594-21.332031-21.335938-21.332031-11.773437 0-21.332031 9.558594-21.332031 21.332031v170.667969h-170.667969c-11.773437 0-21.332031 9.558594-21.332031 21.332031 0 11.777344 9.558594 21.335938 21.332031 21.335938h170.667969v170.664062c0 11.777344 9.558594 21.335938 21.332031 21.335938 11.777344 0 21.335938-9.558594 21.335938-21.335938v-170.664062h170.664062c11.777344 0 21.335938-9.558594 21.335938-21.335938 0-11.773437-9.558594-21.332031-21.335938-21.332031zm0 0\"><\/path><\/svg><\/span>\n            <\/a>\n            <div class=\"u-accordion-pane u-container-style u-expanded-width u-white u-accordion-pane-3\" id=\"accordion-854e\" aria-labelledby=\"link-accordion-854e\" wfd-invisible=\"true\">\n              <div class=\"u-container-layout u-container-layout-3\">\n                <div class=\"fr-view u-clearfix u-rich-text u-text\">\n                  <p id=\"isPasted\">\n                    <span class=\"u-custom-font u-font-playfair-display\">Fatkeq\u00ebsisht, n\u00eb shoq\u00ebrin\u00eb ton\u00eb ekziston bindja se kushdo q\u00eb shkon tek psikologu, \u00ebsht\u00eb \u2018i \u00e7mendur\u2019. Stigma e krijuar p\u00ebr personat q\u00eb shkojn\u00eb tek psikologu, \u00ebsht\u00eb e r\u00ebnd\u00eb. Ka nj\u00eb mohim t\u00eb nevoj\u00ebs p\u00ebr ndihm\u00eb t\u00eb specializuar. Por duhet theksuar se pavar\u00ebsisht nga kjo, tashm\u00eb po ndodh me t\u00eb v\u00ebrtet\u00eb nj\u00eb ndryshim i ngadalt\u00eb n\u00eb nd\u00ebrgjegj\u00ebsimin e popullsis\u00eb dhe kjo \u00ebsht\u00eb shpres\u00ebdh\u00ebn\u00ebse.<\/span>\n                  <\/p>\n                  <p>\n                    <span class=\"u-custom-font u-font-playfair-display\">Nj\u00eb arsye tjet\u00ebr p\u00ebr ngurrimin q\u00eb kan\u00eb shqiptar\u00ebt, ka t\u00eb b\u00ebj\u00eb me \u00e7\u00ebshtjen e konfidencialitetit. Krahas ekspertiz\u00ebs, terapist\u00ebt tan\u00eb i p\u00ebrmbahen rrept\u00ebsisht konfidencialitetit, duke siguruar besimin te klient\u00ebt tan\u00eb se privat\u00ebsia e plot\u00eb do t\u00eb respektohet n\u00eb m\u00ebnyr\u00eb absolute.<\/span>\n                  <\/p>\n                <\/div>\n              <\/div>\n            <\/div>\n          <\/div>\n          <div class=\"u-accordion-item u-expanded-width\">\n            <a class=\"u-accordion-link u-active-white u-border-2 u-border-active-grey-75 u-border-grey-40 u-border-hover-grey-75 u-button-style u-custom-font u-font-playfair-display u-hover-white u-radius-7 u-text-active-black u-text-grey-50 u-text-hover-black u-white u-accordion-link-4\" id=\"link-accordion-f600\" aria-controls=\"accordion-f600\" aria-selected=\"false\">\n              <span class=\"u-accordion-link-text\"> Pse mund t\u00eb shkosh p\u00ebr terapi kur nuk ke probleme mendore?\u00a0<br>\n              <\/span><span class=\"u-accordion-link-icon u-icon u-text-active-black u-text-hover-black u-icon-4\"><svg class=\"u-svg-link\" preserveaspectratio=\"xMidYMin slice\" viewbox=\"0 0 426.66667 426.66667\" style=\"\"><use xmlns:xlink=\"http:\/\/www.w3.org\/1999\/xlink\" xlink:href=\"#svg-1e29\"><\/use><\/svg><svg class=\"u-svg-content\" viewbox=\"0 0 426.66667 426.66667\" id=\"svg-1e29\"><path d=\"m405.332031 192h-170.664062v-170.667969c0-11.773437-9.558594-21.332031-21.335938-21.332031-11.773437 0-21.332031 9.558594-21.332031 21.332031v170.667969h-170.667969c-11.773437 0-21.332031 9.558594-21.332031 21.332031 0 11.777344 9.558594 21.335938 21.332031 21.335938h170.667969v170.664062c0 11.777344 9.558594 21.335938 21.332031 21.335938 11.777344 0 21.335938-9.558594 21.335938-21.335938v-170.664062h170.664062c11.777344 0 21.335938-9.558594 21.335938-21.335938 0-11.773437-9.558594-21.332031-21.335938-21.332031zm0 0\"><\/path><\/svg><\/span>\n            <\/a>\n            <div class=\"u-accordion-pane u-container-style u-expanded-width u-white u-accordion-pane-4\" id=\"accordion-f600\" aria-labelledby=\"link-accordion-f600\" wfd-invisible=\"true\">\n              <div class=\"u-container-layout u-container-layout-4\">\n                <div class=\"fr-view u-clearfix u-rich-text u-text\">\n                  <p>\n                    <span class=\"u-custom-font u-font-playfair-display\">Sepse p\u00ebrmes terapis\u00eb mund t\u00eb trajtohen shum\u00eb tema p\u00ebrtej s\u00ebmundjeve mendore. \u00cbsht\u00eb normale q\u00eb njer\u00ebzit t\u00eb p\u00ebrjetojn\u00eb dhimbje dhe l\u00ebndime. Ne mund t\u2019i ndihmojm\u00eb ata me shum\u00eb lloje problemesh q\u00eb hasin n\u00eb jet\u00eb, si beteja ose strese emocionale dhe sociale q\u00eb mund t\u00eb lindin nga martesa, prind\u00ebrimi, f\u00ebmij\u00ebt, familja, puna ose shoq\u00ebria m\u00eb e gjer\u00eb.<\/span>\n                  <\/p>\n                <\/div>\n              <\/div>\n            <\/div>\n          <\/div>\n          <div class=\"u-accordion-item u-expanded-width u-accordion-item-5\">\n            <a class=\"u-accordion-link u-active-white u-border-2 u-border-active-grey-75 u-border-grey-40 u-border-hover-grey-75 u-button-style u-custom-font u-font-playfair-display u-hover-white u-radius-7 u-text-active-black u-text-grey-50 u-text-hover-black u-white u-accordion-link-5\" id=\"link-accordion-f600\" aria-controls=\"accordion-f600\" aria-selected=\"false\">\n              <span class=\"u-accordion-link-text\"> Shqiptar\u00ebt jetojn\u00eb n\u00eb komunitet dhe kan\u00eb nj\u00eb jet\u00eb sociale t\u00eb pasur. At\u00ebher\u00eb pse \u00ebsht\u00eb e nevojshme t\u00eb shkojn\u00eb tek psikologu?<\/span><span class=\"u-accordion-link-icon u-icon u-text-active-black u-text-hover-black u-icon-5\"><svg class=\"u-svg-link\" preserveaspectratio=\"xMidYMin slice\" viewbox=\"0 0 426.66667 426.66667\" style=\"\"><use xmlns:xlink=\"http:\/\/www.w3.org\/1999\/xlink\" xlink:href=\"#svg-58d2\"><\/use><\/svg><svg class=\"u-svg-content\" viewbox=\"0 0 426.66667 426.66667\" id=\"svg-58d2\"><path d=\"m405.332031 192h-170.664062v-170.667969c0-11.773437-9.558594-21.332031-21.335938-21.332031-11.773437 0-21.332031 9.558594-21.332031 21.332031v170.667969h-170.667969c-11.773437 0-21.332031 9.558594-21.332031 21.332031 0 11.777344 9.558594 21.335938 21.332031 21.335938h170.667969v170.664062c0 11.777344 9.558594 21.335938 21.332031 21.335938 11.777344 0 21.335938-9.558594 21.335938-21.335938v-170.664062h170.664062c11.777344 0 21.335938-9.558594 21.335938-21.335938 0-11.773437-9.558594-21.332031-21.335938-21.332031zm0 0\"><\/path><\/svg><\/span>\n            <\/a>\n            <div class=\"u-accordion-pane u-container-style u-expanded-width u-white u-accordion-pane-5\" id=\"accordion-f600\" aria-labelledby=\"link-accordion-f600\" wfd-invisible=\"true\">\n              <div class=\"u-container-layout u-container-layout-5\">\n                <div class=\"fr-view u-clearfix u-rich-text u-text u-text-7\">\n                  <p>\n                    <span class=\"u-custom-font u-font-playfair-display\">Sepse jetojm\u00eb n\u00eb nj\u00eb bot\u00eb me probleme. Jetesa n\u00eb komunitet \u00ebsht\u00eb e dobishme, por ka raste kur objektiviteti q\u00eb mund t\u00eb jap\u00eb nj\u00eb profesionist, \u00ebsht\u00eb edhe m\u00eb i dobish\u00ebm. Terapia \u00ebsht\u00eb nj\u00eb sh\u00ebrbim i nevojsh\u00ebm p\u00ebr individin ose komunitetin q\u00eb p\u00ebrballet me \u00e7\u00ebshtjet e jet\u00ebs, \u2013 t\u00eb cilat prekin secilin prej nesh, \u2013 duke nd\u00ebrhyr\u00eb p\u00ebrmes nj\u00eb trajtimi profesional, \u00e7ka jep rezultat n\u00eb p\u00ebrmir\u00ebsimin e cil\u00ebsis\u00eb s\u00eb jet\u00ebs. K\u00ebshtu p\u00ebrve\u00e7 muhabeteve q\u00eb shqiptar\u00ebt b\u00ebjn\u00eb n\u00eb kafene, ka situata t\u00eb shumta ku personat duhet t\u2019i drejtohen psikologut p\u00ebr nj\u00eb ndihm\u00eb m\u00eb t\u00eb specializuar.<\/span>\n                  <\/p>\n                <\/div>\n              <\/div>\n            <\/div>\n          <\/div>\n          <div class=\"u-accordion-item u-expanded-width\">\n            <a class=\"u-accordion-link u-active-white u-border-2 u-border-active-grey-75 u-border-grey-40 u-border-hover-grey-75 u-button-style u-custom-font u-font-playfair-display u-hover-white u-radius-7 u-text-active-black u-text-grey-50 u-text-hover-black u-white u-accordion-link-6\" id=\"link-accordion-f600\" aria-controls=\"accordion-f600\" aria-selected=\"false\">\n              <span class=\"u-accordion-link-text\"> A duhet t\u00eb jesh n\u00eb Tiran\u00eb p\u00ebr takim me terapistin? <\/span><span class=\"u-accordion-link-icon u-icon u-text-active-black u-text-hover-black u-icon-6\"><svg class=\"u-svg-link\" preserveaspectratio=\"xMidYMin slice\" viewbox=\"0 0 426.66667 426.66667\" style=\"\"><use xmlns:xlink=\"http:\/\/www.w3.org\/1999\/xlink\" xlink:href=\"#svg-c0f6\"><\/use><\/svg><svg class=\"u-svg-content\" viewbox=\"0 0 426.66667 426.66667\" id=\"svg-c0f6\"><path d=\"m405.332031 192h-170.664062v-170.667969c0-11.773437-9.558594-21.332031-21.335938-21.332031-11.773437 0-21.332031 9.558594-21.332031 21.332031v170.667969h-170.667969c-11.773437 0-21.332031 9.558594-21.332031 21.332031 0 11.777344 9.558594 21.335938 21.332031 21.335938h170.667969v170.664062c0 11.777344 9.558594 21.335938 21.332031 21.335938 11.777344 0 21.335938-9.558594 21.335938-21.335938v-170.664062h170.664062c11.777344 0 21.335938-9.558594 21.335938-21.335938 0-11.773437-9.558594-21.332031-21.335938-21.332031zm0 0\"><\/path><\/svg><\/span>\n            <\/a>\n            <div class=\"u-accordion-pane u-container-style u-expanded-width u-white u-accordion-pane-6\" id=\"accordion-f600\" aria-labelledby=\"link-accordion-f600\" wfd-invisible=\"true\">\n              <div class=\"u-container-layout u-container-layout-6\">\n                <div class=\"fr-view u-clearfix u-rich-text u-text u-text-8\">\n                  <p>\n                    <span class=\"u-custom-font u-font-playfair-display\">Jo domosdoshm\u00ebrisht! Ndon\u00ebse ka raste kur takimi n\u00eb mjediset tona mund t\u00eb jet\u00eb i nevojsh\u00ebm, sh\u00ebrbimet tona ofrohen edhe online.<\/span>\n                  <\/p>\n                <\/div>\n              <\/div>\n            <\/div>\n          <\/div>\n        <\/div>\n      <\/div>\n    <\/section>\n    \n    \n    \n  \n<\/body>","protected":false},"excerpt":{"rendered":"<p>Profesionaliz\u00ebm Konfidencialitet Ekspertiz\u00eb Previous Next Pyetje&nbsp; E&nbsp; p\u00ebrgjigje Klikoni mbi shenj\u00ebn + p\u00ebr t\u00eb zbuluar p\u00ebrgjigjet: \u00c7far\u00eb sh\u00ebrbimesh ofron qendra juaj?&nbsp;&nbsp; Shtegu i Shpres\u00ebs ofron sh\u00ebrbim cil\u00ebsor dhe profesional p\u00ebr f\u00ebmij\u00eb, adoleshent\u00eb, t\u00eb rritur, \u00e7ifte, familje dhe grupe p\u00ebr k\u00ebto tematika: Terapi p\u00ebrmes loj\u00ebs, depresioni, ankthi, fobit\u00eb, hiperaktiviteti (ADHD), autizmi, refuzimi e bullizmi, var\u00ebsi t\u00eb &hellip; <a href=\"https:\/\/shteguishpreses.com\/index.php\/pyetje-e-pergjigje\/\" class=\"more-link\">Continue reading<span class=\"screen-reader-text\"> &#8220;Pyetje e P\u00ebrgjigje&#8221;<\/span><\/a><\/p>\n","protected":false},"author":1,"featured_media":0,"parent":0,"menu_order":6,"comment_status":"closed","ping_status":"closed","template":"","meta":{"om_disable_all_campaigns":false,"_monsterinsights_skip_tracking":false,"_monsterinsights_sitenote_active":false,"_monsterinsights_sitenote_note":"","_monsterinsights_sitenote_category":0,"footnotes":""},"class_list":["post-1265","page","type-page","status-publish","hentry"],"jetpack_sharing_enabled":true,"_links":{"self":[{"href":"https:\/\/shteguishpreses.com\/index.php\/wp-json\/wp\/v2\/pages\/1265"}],"collection":[{"href":"https:\/\/shteguishpreses.com\/index.php\/wp-json\/wp\/v2\/pages"}],"about":[{"href":"https:\/\/shteguishpreses.com\/index.php\/wp-json\/wp\/v2\/types\/page"}],"author":[{"embeddable":true,"href":"https:\/\/shteguishpreses.com\/index.php\/wp-json\/wp\/v2\/users\/1"}],"replies":[{"embeddable":true,"href":"https:\/\/shteguishpreses.com\/index.php\/wp-json\/wp\/v2\/comments?post=1265"}],"version-history":[{"count":1,"href":"https:\/\/shteguishpreses.com\/index.php\/wp-json\/wp\/v2\/pages\/1265\/revisions"}],"predecessor-version":[{"id":1290,"href":"https:\/\/shteguishpreses.com\/index.php\/wp-json\/wp\/v2\/pages\/1265\/revisions\/1290"}],"wp:attachment":[{"href":"https:\/\/shteguishpreses.com\/index.php\/wp-json\/wp\/v2\/media?parent=1265"}],"curies":[{"name":"wp","href":"https:\/\/api.w.org\/{rel}","templated":true}]}}