{"id":1266,"date":"2023-02-17T09:13:41","date_gmt":"2023-02-17T09:13:41","guid":{"rendered":"http:\/\/shteguishpreses.com\/index.php\/bela_memushi-3\/"},"modified":"2023-02-17T09:13:54","modified_gmt":"2023-02-17T09:13:54","slug":"bela_memushi-3","status":"publish","type":"page","link":"https:\/\/shteguishpreses.com\/index.php\/bela_memushi-3\/","title":{"rendered":"bela_memushi"},"content":{"rendered":"<body>\n  \n    <section class=\"u-clearfix u-section-1\" id=\"sec-9d93\">\n      <div class=\"u-clearfix u-sheet u-valign-middle u-sheet-1\">\n        <div class=\"u-clearfix u-expanded-width u-gutter-0 u-layout-wrap u-layout-wrap-1\">\n          <div class=\"u-layout\">\n            <div class=\"u-layout-row\">\n              <div class=\"u-align-center u-container-style u-layout-cell u-left-cell u-size-23 u-layout-cell-1\">\n                <div class=\"u-container-layout u-valign-middle u-container-layout-1\">\n                  <div alt=\"\" class=\"u-image u-image-circle u-image-1\" src=\"\" data-image-width=\"534\" data-image-height=\"569\" style=\"background-image: url(&quot;https:\/\/shteguishpreses.com\/wp-content\/uploads\/2023\/02\/nevila-3.jpg&quot;);\"><\/div>\n                <\/div>\n              <\/div>\n              <div class=\"u-align-left u-container-style u-layout-cell u-right-cell u-size-37 u-layout-cell-2\">\n                <div class=\"u-container-layout u-valign-top-xs u-container-layout-2\">\n                  <h2 class=\"u-text u-text-1\">Bela Memushi<\/h2>\n                  <p class=\"u-custom-font u-font-playfair-display u-text u-text-2\">\n                    <span style=\"font-size: 0.75rem;\"> Bela ka studiuar p\u00ebr K\u00ebshillim t\u00eb Sh\u00ebndetit Mendor Klinik t\u00eb nivelit Master n\u00eb Universitetin \u201cLiberty\u201d t\u00eb Virxhinias, SHBA. Gjat\u00eb k\u00ebsaj periudhe ka kryer trajnime t\u00eb ndryshme. Zot\u00ebron certifikat\u00ebn \u201cSYMBIS\u201d p\u00ebr k\u00ebshillim para-martesor dhe ka p\u00ebrfunduar nivelin e I t\u00eb trajnimit Gottman duke e p\u00ebrdorur si metod\u00eb p\u00ebr k\u00ebshillimin e terapis\u00eb n\u00eb \u00e7ifte.\u00a0\u00a0<\/span>\n                    <span style=\"font-size: 0.75rem;\">Gjithashtu, ajo \u00ebsht\u00eb certifikuar si \u201cLife Coach\u201d n\u00eb 2016 nga CMI, Budapest, Hungari. Ka 16 vite eksperienc\u00eb duke punuar me student\u00eb dhe profesionist\u00eb p\u00ebrmes Institutit \u201cJeta e Re\u201d. Puna e saj \u00ebsht\u00eb p\u00ebrqendruar n\u00eb nxitjen e rritjes profesionale, n\u00eb zhvillimin dhe mentorimin personal t\u00eb aspektit shpirt\u00ebror t\u00eb t\u00eb rinj\u00ebve.\u00a0<br>\n                    <\/span>\n                    <br>\n                    <span style=\"font-size: 0.75rem;\">Bela ofron terapi dhe k\u00ebshillim p\u00ebr individ\u00eb, \u00e7ifte, familje dhe grupe duke trajtuar \u00e7\u00ebshtje t\u00eb sh\u00ebndetit mendor. Terapia e saj me klient\u00ebt p\u00ebrqendrohet n\u00eb trajtimin e shqet\u00ebsimeve t\u00eb tilla si menaxhimi i stresit, \u00e7rregullimet e ankthit, t\u00eb sjelljes, t\u00eb depresionit, \u00e7rregullimet neuro-kognitive, ato t\u00eb gjumit, OCD, trauma dhe post-trauma t\u00eb ndryshme, si dhe \u00e7rregullime t\u00eb tjera q\u00eb lidhen me sh\u00ebndetin mendor. \u00c7\u00ebshtjet q\u00eb zakonisht klient\u00ebt adresojn\u00eb n\u00eb seanca k\u00ebshillimi p\u00ebrfshijn\u00eb shqet\u00ebsime personale, emocionale, profesionale, probleme n\u00eb marr\u00ebdh\u00ebnie, dhe \u00e7\u00ebshtje t\u00eb aspektit shpirt\u00ebror. Si terapiste, Bela ka nj\u00eb p\u00ebrqasje t\u00eb integruar ndaj k\u00ebshillimit, duke zgjedhur mes teorive, instrumenteve dhe teknikave specifike q\u00eb p\u00ebrshtaten me personalitetin dhe nevojat konkrete t\u00eb klientit. CBT (Cognitive Behavioral Therapy) \u00ebsht\u00eb metoda kryesore q\u00eb p\u00ebrdor gjat\u00eb terapis\u00eb duke adresuar mendimet irracionale q\u00eb shkaktojn\u00eb emocione dhe sjellje negative te klient\u00ebt.\u00a0<br>\n                      <br>Roli i Bel\u00ebs \u00ebsht\u00eb t\u00eb asistoj\u00eb klientin n\u00eb arritjen e q\u00ebllimeve q\u00eb vendos gjat\u00eb terapis\u00eb, dhe t\u00eb siguroj\u00eb mb\u00ebshtetje t\u00eb plot\u00eb dhe nj\u00eb ambjent pranues, t\u00eb ngroht\u00eb e motivues p\u00ebr t\u00eb sjell\u00eb ndryshimin e duhur n\u00eb \u00e7\u00ebshtjet e trajtuara. P\u00ebr Bel\u00ebn, marr\u00ebdh\u00ebnia me klientin \u00ebsht\u00eb par\u00ebsor, duke siguruar konfidencialitet t\u00eb plot\u00eb, besim, empati dhe mir\u00ebkuptim.\u00a0\u00a0Motoja e Bel\u00ebs \u00ebsht\u00eb: \u201cDashuria mban \u00e7do gj\u00eb\u201d.\u00a0\n                    <\/span>\n                    <br>\n                  <\/p>\n                <\/div>\n              <\/div>\n            <\/div>\n          <\/div>\n        <\/div>\n      <\/div>\n    <\/section>\n    <section class=\"u-align-center u-clearfix u-white u-section-2\" id=\"sec-f86e\">\n      <div class=\"u-clearfix u-sheet u-valign-middle-xs u-sheet-1\">\n        <blockquote class=\"u-align-center-sm u-align-center-xs u-border-20 u-border-custom-color-3 u-custom-font u-font-playfair-display u-text u-text-custom-color-1 u-text-default u-text-1\">Skuadra jon\u00eb<\/blockquote>\n        <p class=\"u-custom-font u-font-playfair-display u-text u-text-2\">Shtegu\ni Shpres\u00ebs \u00ebsht\u00eb fryt i nj\u00eb bashk\u00ebpunimi t\u00eb ngusht\u00eb me nj\u00eb grup psikolog\u00ebsh n\u00eb Karolin\u00ebn e Veriut t\u00eb Shteteve t\u00eb Bashkuara t\u00eb Amerik\u00ebs. <\/p>\n        <a href=\"http:\/\/shteguishpreses.com\/index.php\/skuadra-jone-3\/\" class=\"u-border-none u-btn u-btn-round u-button-style u-custom-color-1 u-hover-white u-radius-6 u-btn-1\">Njihu me pjes\u00ebn tjet\u00ebr<br>t\u00eb skuadr\u00ebs son\u00eb\n        <\/a>\n      <\/div>\n    <\/section>\n    \n    \n    \n  \n<\/body>","protected":false},"excerpt":{"rendered":"<p>Bela Memushi Bela ka studiuar p\u00ebr K\u00ebshillim t\u00eb Sh\u00ebndetit Mendor Klinik t\u00eb nivelit Master n\u00eb Universitetin \u201cLiberty\u201d t\u00eb Virxhinias, SHBA. Gjat\u00eb k\u00ebsaj periudhe ka kryer trajnime t\u00eb ndryshme. Zot\u00ebron certifikat\u00ebn \u201cSYMBIS\u201d p\u00ebr k\u00ebshillim para-martesor dhe ka p\u00ebrfunduar nivelin e I t\u00eb trajnimit Gottman duke e p\u00ebrdorur si metod\u00eb p\u00ebr k\u00ebshillimin e terapis\u00eb n\u00eb \u00e7ifte.&nbsp;&nbsp; Gjithashtu, &hellip; <a href=\"https:\/\/shteguishpreses.com\/index.php\/bela_memushi-3\/\" class=\"more-link\">Continue reading<span class=\"screen-reader-text\"> &#8220;bela_memushi&#8221;<\/span><\/a><\/p>\n","protected":false},"author":1,"featured_media":0,"parent":0,"menu_order":7,"comment_status":"closed","ping_status":"closed","template":"","meta":{"om_disable_all_campaigns":false,"_monsterinsights_skip_tracking":false,"_monsterinsights_sitenote_active":false,"_monsterinsights_sitenote_note":"","_monsterinsights_sitenote_category":0,"footnotes":""},"class_list":["post-1266","page","type-page","status-publish","hentry"],"jetpack_sharing_enabled":true,"_links":{"self":[{"href":"https:\/\/shteguishpreses.com\/index.php\/wp-json\/wp\/v2\/pages\/1266"}],"collection":[{"href":"https:\/\/shteguishpreses.com\/index.php\/wp-json\/wp\/v2\/pages"}],"about":[{"href":"https:\/\/shteguishpreses.com\/index.php\/wp-json\/wp\/v2\/types\/page"}],"author":[{"embeddable":true,"href":"https:\/\/shteguishpreses.com\/index.php\/wp-json\/wp\/v2\/users\/1"}],"replies":[{"embeddable":true,"href":"https:\/\/shteguishpreses.com\/index.php\/wp-json\/wp\/v2\/comments?post=1266"}],"version-history":[{"count":1,"href":"https:\/\/shteguishpreses.com\/index.php\/wp-json\/wp\/v2\/pages\/1266\/revisions"}],"predecessor-version":[{"id":1291,"href":"https:\/\/shteguishpreses.com\/index.php\/wp-json\/wp\/v2\/pages\/1266\/revisions\/1291"}],"wp:attachment":[{"href":"https:\/\/shteguishpreses.com\/index.php\/wp-json\/wp\/v2\/media?parent=1266"}],"curies":[{"name":"wp","href":"https:\/\/api.w.org\/{rel}","templated":true}]}}