{"id":1267,"date":"2023-02-17T09:13:42","date_gmt":"2023-02-17T09:13:42","guid":{"rendered":"http:\/\/shteguishpreses.com\/index.php\/nevila_toska-3\/"},"modified":"2023-02-17T09:13:54","modified_gmt":"2023-02-17T09:13:54","slug":"nevila_toska-3","status":"publish","type":"page","link":"https:\/\/shteguishpreses.com\/index.php\/nevila_toska-3\/","title":{"rendered":"nevila_toska"},"content":{"rendered":"<body>\n  \n    <section class=\"u-clearfix u-section-1\" id=\"sec-9d93\">\n      <div class=\"u-clearfix u-sheet u-sheet-1\">\n        <div class=\"u-clearfix u-expanded-width u-gutter-0 u-layout-wrap u-layout-wrap-1\">\n          <div class=\"u-layout\" style=\"\">\n            <div class=\"u-layout-row\" style=\"\">\n              <div class=\"u-align-center u-container-style u-layout-cell u-left-cell u-size-23 u-layout-cell-1\">\n                <div class=\"u-container-layout u-valign-middle u-container-layout-1\">\n                  <div alt=\"\" class=\"u-image u-image-circle u-image-1\" src=\"\" data-image-width=\"1200\" data-image-height=\"1600\" style=\"background-image: url(&quot;https:\/\/shteguishpreses.com\/wp-content\/uploads\/2023\/02\/Nevila-3.jpeg&quot;);\"><\/div>\n                <\/div>\n              <\/div>\n              <div class=\"u-align-left u-container-style u-layout-cell u-right-cell u-size-37 u-layout-cell-2\">\n                <div class=\"u-container-layout u-valign-top-xs u-container-layout-2\">\n                  <h2 class=\"u-text u-text-1\">Nevila Toska<\/h2>\n                  <p class=\"u-custom-font u-font-playfair-display u-text u-text-2\">\n                    <span style=\"font-size: 0.75rem;\"> Nevila ka kryer studimet e nivelit Master n\u00eb Psikologji Klinike n\u00eb Fakultetin e Shkencave Sociale, Tiran\u00eb. Ajo \u00ebsht\u00eb e licensuar n\u00eb Brain Working Recursive Therapy (BWRT), nivelet 1 dhe 2, nga Instituti Terence Watts n\u00eb Lond\u00ebr. <br>Nevila ka nj\u00eb p\u00ebrvoj\u00eb disavje\u00e7are n\u00eb trajtimin e \u00e7rregullimeve t\u00eb ndryshme tek f\u00ebmij\u00ebt dhe adoleshent\u00ebt, si \u00c7rregullimi i Spektrit t\u00eb Autizmit (ASD), Sindroma Down, \u00c7rregullimi Hiperaktiv i Deficit t\u00eb V\u00ebmendjes (ADHD), ankthi, depresioni, abuzimi me substancat, si dhe \u00e7\u00ebshtje t\u00eb tjera emocionale, sociale dhe t\u00eb sjelljes. Ajo ka qen\u00eb gjithashtu p\u00ebr nj\u00eb koh\u00eb si staf akademik i Fakultetit t\u00eb Shkencave Mjek\u00ebsore Teknike n\u00eb Tiran\u00eb.\u00a0\n                    <\/span>\n                    <br>\n                    <br>\n                    <span style=\"font-size: 0.75rem;\">Si terapiste, Nevila ofron sh\u00ebrbime terapeutike n\u00ebp\u00ebrmjet p\u00ebrdorimit t\u00eb modaliteteve t\u00eb ndryshme t\u00eb p\u00ebrshtatshme p\u00ebr trajtimin e f\u00ebmij\u00ebve dhe t\u00eb rriturve, si BWRT, ABA Therapy dhe Play Therapy. Disa nga trajnimet shtes\u00eb q\u00eb ajo ka kryer, p\u00ebrfshijn\u00eb depresionin pas lindjes tek grat\u00eb, abuzimin me f\u00ebmij\u00ebt, terapin\u00eb e loj\u00ebs jo-drejtuese p\u00ebr f\u00ebmij\u00eb (Non-Directive Child-Centered Play Therapy \u2013 CCPT) dhe terapin\u00eb me r\u00ebr\u00eb (Sandtray Therapy). <br>N\u00eb pun\u00ebn e saj me f\u00ebmij\u00ebt, ajo p\u00ebrdor kryesisht terapin\u00eb e loj\u00ebs, terapin\u00eb ABA dhe terapin\u00eb me r\u00ebr\u00eb. Me t\u00eb rriturit, ajo v\u00eb re se Brain Working Recursive Therapy \u2013 BWRT \u00ebsht\u00eb shum\u00eb efektive, pasi i mund\u00ebson \u00e7do klienti t\u00eb jet\u00eb n\u00eb gjendje t\u00eb p\u00ebrshtas\u00eb at\u00eb q\u00eb nevojitet p\u00ebr t\u00eb p\u00ebrmir\u00ebsuar sh\u00ebndetin mendor dhe emocional.\u00a0\n                    <\/span>\n                    <br>\n                    <br>\n                    <span style=\"font-size: 0.75rem;\">Nevila \u00ebsht\u00eb e p\u00ebrkushtuar n\u00eb pun\u00ebn e saj me klient\u00ebt e t\u00eb gjitha moshave p\u00ebr t\u00eb ofruar nj\u00eb marr\u00ebdh\u00ebnie t\u00eb sinqert\u00eb dhe t\u00eb ngroht\u00eb q\u00eb ndihmon \u00e7do klient t\u00eb ndihet i kuptuar dhe i pranuar, dhe p\u00ebr t\u00eb siguruar konfidencialitet t\u00eb plot\u00eb.\u00a0\u00a0Motoja e Nevil\u00ebs \u00ebsht\u00eb: \u201cKudo dhe kurdo mund t\u00eb japim dashuri\u201d.\u00a0<\/span>\n                    <br>\n                  <\/p>\n                <\/div>\n              <\/div>\n            <\/div>\n          <\/div>\n        <\/div>\n      <\/div>\n    <\/section>\n    <section class=\"u-align-center u-clearfix u-white u-section-2\" id=\"sec-f524\">\n      <div class=\"u-clearfix u-sheet u-valign-middle-xs u-sheet-1\">\n        <blockquote class=\"u-align-center-sm u-align-center-xs u-border-20 u-border-custom-color-3 u-custom-font u-font-playfair-display u-text u-text-custom-color-1 u-text-default u-text-1\">Skuadra jon\u00eb<\/blockquote>\n        <p class=\"u-custom-font u-font-playfair-display u-text u-text-2\">Shtegu\ni Shpres\u00ebs \u00ebsht\u00eb fryt i nj\u00eb bashk\u00ebpunimi t\u00eb ngusht\u00eb me nj\u00eb grup psikolog\u00ebsh n\u00eb Karolin\u00ebn e Veriut t\u00eb Shteteve t\u00eb Bashkuara t\u00eb Amerik\u00ebs. <\/p>\n        <a href=\"http:\/\/shteguishpreses.com\/index.php\/skuadra-jone-3\/\" class=\"u-border-none u-btn u-btn-round u-button-style u-custom-color-1 u-hover-white u-radius-6 u-btn-1\">Njihu me pjes\u00ebn tjet\u00ebr<br>t\u00eb skuadr\u00ebs son\u00eb\n        <\/a>\n      <\/div>\n    <\/section>\n    \n    \n    \n  \n<\/body>","protected":false},"excerpt":{"rendered":"<p>Nevila Toska Nevila ka kryer studimet e nivelit Master n\u00eb Psikologji Klinike n\u00eb Fakultetin e Shkencave Sociale, Tiran\u00eb. Ajo \u00ebsht\u00eb e licensuar n\u00eb Brain Working Recursive Therapy (BWRT), nivelet 1 dhe 2, nga Instituti Terence Watts n\u00eb Lond\u00ebr. Nevila ka nj\u00eb p\u00ebrvoj\u00eb disavje\u00e7are n\u00eb trajtimin e \u00e7rregullimeve t\u00eb ndryshme tek f\u00ebmij\u00ebt dhe adoleshent\u00ebt, si \u00c7rregullimi &hellip; <a href=\"https:\/\/shteguishpreses.com\/index.php\/nevila_toska-3\/\" class=\"more-link\">Continue reading<span class=\"screen-reader-text\"> &#8220;nevila_toska&#8221;<\/span><\/a><\/p>\n","protected":false},"author":1,"featured_media":0,"parent":0,"menu_order":8,"comment_status":"closed","ping_status":"closed","template":"","meta":{"om_disable_all_campaigns":false,"_monsterinsights_skip_tracking":false,"_monsterinsights_sitenote_active":false,"_monsterinsights_sitenote_note":"","_monsterinsights_sitenote_category":0,"footnotes":""},"class_list":["post-1267","page","type-page","status-publish","hentry"],"jetpack_sharing_enabled":true,"_links":{"self":[{"href":"https:\/\/shteguishpreses.com\/index.php\/wp-json\/wp\/v2\/pages\/1267"}],"collection":[{"href":"https:\/\/shteguishpreses.com\/index.php\/wp-json\/wp\/v2\/pages"}],"about":[{"href":"https:\/\/shteguishpreses.com\/index.php\/wp-json\/wp\/v2\/types\/page"}],"author":[{"embeddable":true,"href":"https:\/\/shteguishpreses.com\/index.php\/wp-json\/wp\/v2\/users\/1"}],"replies":[{"embeddable":true,"href":"https:\/\/shteguishpreses.com\/index.php\/wp-json\/wp\/v2\/comments?post=1267"}],"version-history":[{"count":1,"href":"https:\/\/shteguishpreses.com\/index.php\/wp-json\/wp\/v2\/pages\/1267\/revisions"}],"predecessor-version":[{"id":1292,"href":"https:\/\/shteguishpreses.com\/index.php\/wp-json\/wp\/v2\/pages\/1267\/revisions\/1292"}],"wp:attachment":[{"href":"https:\/\/shteguishpreses.com\/index.php\/wp-json\/wp\/v2\/media?parent=1267"}],"curies":[{"name":"wp","href":"https:\/\/api.w.org\/{rel}","templated":true}]}}