{"id":1269,"date":"2023-02-17T09:13:44","date_gmt":"2023-02-17T09:13:44","guid":{"rendered":"http:\/\/shteguishpreses.com\/index.php\/ruth_vergnon-3\/"},"modified":"2023-02-17T09:13:55","modified_gmt":"2023-02-17T09:13:55","slug":"ruth_vergnon-3","status":"publish","type":"page","link":"https:\/\/shteguishpreses.com\/index.php\/ruth_vergnon-3\/","title":{"rendered":"ruth_vergnon"},"content":{"rendered":"<body>\n  \n    <section class=\"u-clearfix u-section-1\" id=\"sec-9d93\">\n      <div class=\"u-clearfix u-sheet u-valign-middle u-sheet-1\">\n        <div class=\"u-clearfix u-expanded-width u-gutter-0 u-layout-wrap u-layout-wrap-1\">\n          <div class=\"u-layout\">\n            <div class=\"u-layout-row\">\n              <div class=\"u-align-center u-container-style u-layout-cell u-left-cell u-size-23 u-layout-cell-1\">\n                <div class=\"u-container-layout u-valign-middle u-container-layout-1\">\n                  <div alt=\"\" class=\"u-image u-image-circle u-image-1\" src=\"\" data-image-width=\"1065\" data-image-height=\"1600\" style=\"background-image: url(&quot;https:\/\/shteguishpreses.com\/wp-content\/uploads\/2023\/02\/ruth-3.jpeg&quot;);\"><\/div>\n                <\/div>\n              <\/div>\n              <div class=\"u-align-left u-container-style u-layout-cell u-right-cell u-size-37 u-layout-cell-2\">\n                <div class=\"u-container-layout u-valign-top-xs u-container-layout-2\">\n                  <h2 class=\"u-text u-text-1\">Ruth Vergnon<\/h2>\n                  <p class=\"u-custom-font u-font-playfair-display u-text u-text-2\"> Ruth Vergnon, me origjin\u00eb franceze, \u00ebsht\u00eb themeluese dhe drejtuese e Fondacionit Alo ! Mik. Gjat\u00eb 20 viteve t\u00eb kaluara, Ruthi u \u00ebsht\u00eb p\u00ebrkushtuar \u00e7\u00ebshtjeve t\u00eb f\u00ebmij\u00ebve m\u00eb n\u00eb nevoj\u00eb n\u00eb Shqip\u00ebri. <br>\n                    <br>Ruthi ka nj\u00eb Master n\u00eb Mbrojtjen e F\u00ebmij\u00ebve dhe po specializohet n\u00eb adresimin e traum\u00ebs n\u00eb f\u00ebmij\u00ebri.\nRuthi \u00ebsht\u00eb nj\u00ebkoh\u00ebsisht konsulente p\u00ebr \u00e7\u00ebshtjen e mbrojtjes s\u00eb f\u00ebmij\u00ebve p\u00ebr shum\u00eb organizata joqeveritare nd\u00ebrkomb\u00ebtare. <br>\n                    <br>\n                  <\/p>\n                <\/div>\n              <\/div>\n            <\/div>\n          <\/div>\n        <\/div>\n      <\/div>\n    <\/section>\n    <section class=\"u-align-center u-clearfix u-white u-section-2\" id=\"sec-fe1e\">\n      <div class=\"u-clearfix u-sheet u-valign-middle-xs u-sheet-1\">\n        <blockquote class=\"u-align-center-sm u-align-center-xs u-border-20 u-border-custom-color-3 u-custom-font u-font-playfair-display u-text u-text-custom-color-1 u-text-default u-text-1\">Skuadra jon\u00eb<\/blockquote>\n        <p class=\"u-custom-font u-font-playfair-display u-text u-text-2\">Shtegu\ni Shpres\u00ebs \u00ebsht\u00eb fryt i nj\u00eb bashk\u00ebpunimi t\u00eb ngusht\u00eb me nj\u00eb grup psikolog\u00ebsh n\u00eb Karolin\u00ebn e Veriut t\u00eb Shteteve t\u00eb Bashkuara t\u00eb Amerik\u00ebs. <\/p>\n        <a href=\"http:\/\/shteguishpreses.com\/index.php\/skuadra-jone-3\/\" class=\"u-border-none u-btn u-btn-round u-button-style u-custom-color-1 u-hover-white u-radius-6 u-btn-1\">Njihu me pjes\u00ebn tjet\u00ebr<br>t\u00eb skuadr\u00ebs son\u00eb\n        <\/a>\n      <\/div>\n    <\/section>\n    \n    \n    \n  \n<\/body>","protected":false},"excerpt":{"rendered":"<p>Ruth Vergnon Ruth Vergnon, me origjin\u00eb franceze, \u00ebsht\u00eb themeluese dhe drejtuese e Fondacionit Alo ! Mik. Gjat\u00eb 20 viteve t\u00eb kaluara, Ruthi u \u00ebsht\u00eb p\u00ebrkushtuar \u00e7\u00ebshtjeve t\u00eb f\u00ebmij\u00ebve m\u00eb n\u00eb nevoj\u00eb n\u00eb Shqip\u00ebri. Ruthi ka nj\u00eb Master n\u00eb Mbrojtjen e F\u00ebmij\u00ebve dhe po specializohet n\u00eb adresimin e traum\u00ebs n\u00eb f\u00ebmij\u00ebri. Ruthi \u00ebsht\u00eb nj\u00ebkoh\u00ebsisht konsulente p\u00ebr &hellip; <a href=\"https:\/\/shteguishpreses.com\/index.php\/ruth_vergnon-3\/\" class=\"more-link\">Continue reading<span class=\"screen-reader-text\"> &#8220;ruth_vergnon&#8221;<\/span><\/a><\/p>\n","protected":false},"author":1,"featured_media":0,"parent":0,"menu_order":10,"comment_status":"closed","ping_status":"closed","template":"","meta":{"om_disable_all_campaigns":false,"_monsterinsights_skip_tracking":false,"_monsterinsights_sitenote_active":false,"_monsterinsights_sitenote_note":"","_monsterinsights_sitenote_category":0,"footnotes":""},"class_list":["post-1269","page","type-page","status-publish","hentry"],"jetpack_sharing_enabled":true,"_links":{"self":[{"href":"https:\/\/shteguishpreses.com\/index.php\/wp-json\/wp\/v2\/pages\/1269"}],"collection":[{"href":"https:\/\/shteguishpreses.com\/index.php\/wp-json\/wp\/v2\/pages"}],"about":[{"href":"https:\/\/shteguishpreses.com\/index.php\/wp-json\/wp\/v2\/types\/page"}],"author":[{"embeddable":true,"href":"https:\/\/shteguishpreses.com\/index.php\/wp-json\/wp\/v2\/users\/1"}],"replies":[{"embeddable":true,"href":"https:\/\/shteguishpreses.com\/index.php\/wp-json\/wp\/v2\/comments?post=1269"}],"version-history":[{"count":1,"href":"https:\/\/shteguishpreses.com\/index.php\/wp-json\/wp\/v2\/pages\/1269\/revisions"}],"predecessor-version":[{"id":1294,"href":"https:\/\/shteguishpreses.com\/index.php\/wp-json\/wp\/v2\/pages\/1269\/revisions\/1294"}],"wp:attachment":[{"href":"https:\/\/shteguishpreses.com\/index.php\/wp-json\/wp\/v2\/media?parent=1269"}],"curies":[{"name":"wp","href":"https:\/\/api.w.org\/{rel}","templated":true}]}}