{"id":1270,"date":"2023-02-17T09:13:45","date_gmt":"2023-02-17T09:13:45","guid":{"rendered":"http:\/\/shteguishpreses.com\/index.php\/wendy_skenderi-3\/"},"modified":"2023-02-17T09:13:55","modified_gmt":"2023-02-17T09:13:55","slug":"wendy_skenderi-3","status":"publish","type":"page","link":"https:\/\/shteguishpreses.com\/index.php\/wendy_skenderi-3\/","title":{"rendered":"wendy_skenderi"},"content":{"rendered":"<body>\n  \n    <section class=\"u-clearfix u-section-1\" id=\"sec-9d93\">\n      <div class=\"u-clearfix u-sheet u-valign-middle u-sheet-1\">\n        <div class=\"u-clearfix u-expanded-width u-gutter-0 u-layout-wrap u-layout-wrap-1\">\n          <div class=\"u-layout\">\n            <div class=\"u-layout-row\">\n              <div class=\"u-align-center u-container-style u-layout-cell u-left-cell u-size-23 u-layout-cell-1\">\n                <div class=\"u-container-layout u-valign-middle u-container-layout-1\">\n                  <div alt=\"\" class=\"u-image u-image-circle u-image-1\" src=\"\" data-image-width=\"886\" data-image-height=\"886\" style=\"background-image: url(&quot;https:\/\/shteguishpreses.com\/wp-content\/uploads\/2023\/02\/wendi-3.jpeg&quot;);\"><\/div>\n                <\/div>\n              <\/div>\n              <div class=\"u-align-left u-container-style u-layout-cell u-right-cell u-size-37 u-layout-cell-2\">\n                <div class=\"u-container-layout u-valign-top-xs u-container-layout-2\">\n                  <h2 class=\"u-text u-text-1\">Wendy Sk\u00ebnderi<\/h2>\n                  <p class=\"u-custom-font u-font-playfair-display u-text u-text-2\"> Wendy Sk\u00ebnderi \u00ebsht\u00eb Terapiste dhe Supervizore e Licensuar e Sh\u00ebndetit Mendor Klinik (LCMHCS) n\u00eb Karolin\u00ebn e Veriut, SHBA, si dhe Supervizore e Regjistruar e Terapis\u00eb s\u00eb Loj\u00ebs (RPT-S). Ajo \u00ebsht\u00eb Drejtoresh\u00eb e K\u00ebshillimit n\u00eb Qendr\u00ebn e K\u00ebshillimit Carmel n\u00eb Karolin\u00ebn e Veriut, ku mbik\u00ebqyr dhe menaxhon sh\u00ebrbimet klinike t\u00eb mbi 15 terapist\u00ebve t\u00eb licensuar. Wendy \u00ebsht\u00eb certifikuar si Praktikuese e Nd\u00ebrhyrjes Relacionale t\u00eb Bazuar n\u00eb Mir\u00ebbesim (TBRI), si dhe n\u00eb Theraplay I dhe Trajnimin p\u00ebr Marr\u00ebdh\u00ebniet F\u00ebmij\u00eb-Prind\u00ebr (CPRT).\u00a0<br>\n                    <br>P\u00ebr 20 vjet, Wendy ka k\u00ebshilluar f\u00ebmij\u00eb, adoleshent\u00eb dhe t\u00eb rritur n\u00eb seanca individuale, \u00e7iftesh dhe familjare p\u00ebr nj\u00eb s\u00ebr\u00eb \u00e7\u00ebshtjesh psikologjike, emocionale, relacionale, t\u00eb sjelljes dhe shpirt\u00ebrore. Fushat e saj t\u00eb ekspertiz\u00ebs p\u00ebrfshijn\u00eb traum\u00ebn e f\u00ebmij\u00ebris\u00eb s\u00eb hershme dhe \u00e7rregullimet e lidhjes, bir\u00ebsimin dhe kujdestarin\u00eb, prind\u00ebrimin, si dhe ankthin, depresionin, pik\u00ebllimin dhe humbjen, traum\u00ebn dhe abuzimin. Si supervizore e licensuar, ajo mbik\u00ebqyr terapist\u00ebt q\u00eb k\u00ebrkojn\u00eb licens\u00eb p\u00ebr sh\u00ebndetin mendor klinik n\u00eb Karolin\u00ebn e Veriut, student\u00eb t\u00eb diplomuar p\u00ebr k\u00ebshillim klinik, si dhe terapist\u00eb t\u00eb licensuar q\u00eb punojn\u00eb p\u00ebr certifikimin si terapist\u00eb loje me Shoqat\u00ebn Komb\u00ebtare p\u00ebr Terapin\u00eb e Loj\u00ebs t\u00eb Shteteve t\u00eb Bashkuara.\u00a0<br>\n                    <br>Wendy ka gjithashtu p\u00ebrvoj\u00eb t\u00eb gjer\u00eb nd\u00ebrkulturore si drejtuese trajnimesh nd\u00ebrkomb\u00ebtare. <br>Wendy \u00ebsht\u00eb pjes\u00eb e nj\u00eb ekipi t\u00eb k\u00ebshilltar\u00ebve klinik\u00eb amerikan\u00eb t\u00eb sh\u00ebndetit mendor, t\u00eb cil\u00ebt themeluan Fondacionin Shtegu i Shpres\u00ebs n\u00eb Tiran\u00eb. Ajo \u00ebsht\u00eb e apasionuar p\u00ebr k\u00ebt\u00eb fondacion n\u00eb Shqip\u00ebri dhe ofron mbik\u00ebqyrje klinike, konsultime dhe mbik\u00ebqyrje p\u00ebr terapist\u00ebt shum\u00eb t\u00eb aft\u00eb dhe t\u00eb kualifikuar t\u00eb Qendr\u00ebs Shtegu i Shpres\u00ebs.\nWendy \u00ebsht\u00eb e martuar me Arionin, bashk\u00ebshortin e saj shqiptar, prej pothuajse 30 vjet\u00ebsh, i cili i ka ushqyer dashuri n\u00eb zem\u00ebr p\u00ebr shqiptar\u00ebt. Ata kan\u00eb dy vajza t\u00eb rritura.\n                  <\/p>\n                <\/div>\n              <\/div>\n            <\/div>\n          <\/div>\n        <\/div>\n      <\/div>\n    <\/section>\n    <section class=\"u-align-center u-clearfix u-white u-section-2\" id=\"sec-0a7e\">\n      <div class=\"u-clearfix u-sheet u-valign-middle-xs u-sheet-1\">\n        <blockquote class=\"u-align-center-sm u-align-center-xs u-border-20 u-border-custom-color-3 u-custom-font u-font-playfair-display u-text u-text-custom-color-1 u-text-default u-text-1\">Skuadra jon\u00eb<\/blockquote>\n        <p class=\"u-custom-font u-font-playfair-display u-text u-text-2\">Shtegu\ni Shpres\u00ebs \u00ebsht\u00eb fryt i nj\u00eb bashk\u00ebpunimi t\u00eb ngusht\u00eb me nj\u00eb grup psikolog\u00ebsh n\u00eb Karolin\u00ebn e Veriut t\u00eb Shteteve t\u00eb Bashkuara t\u00eb Amerik\u00ebs. <\/p>\n        <a href=\"http:\/\/shteguishpreses.com\/index.php\/skuadra-jone-3\/\" class=\"u-border-none u-btn u-btn-round u-button-style u-custom-color-1 u-hover-white u-radius-6 u-btn-1\">Njihu me pjes\u00ebn tjet\u00ebr<br>t\u00eb skuadr\u00ebs son\u00eb\n        <\/a>\n      <\/div>\n    <\/section>\n    \n    \n    \n  \n<\/body>","protected":false},"excerpt":{"rendered":"<p>Wendy Sk\u00ebnderi Wendy Sk\u00ebnderi \u00ebsht\u00eb Terapiste dhe Supervizore e Licensuar e Sh\u00ebndetit Mendor Klinik (LCMHCS) n\u00eb Karolin\u00ebn e Veriut, SHBA, si dhe Supervizore e Regjistruar e Terapis\u00eb s\u00eb Loj\u00ebs (RPT-S). Ajo \u00ebsht\u00eb Drejtoresh\u00eb e K\u00ebshillimit n\u00eb Qendr\u00ebn e K\u00ebshillimit Carmel n\u00eb Karolin\u00ebn e Veriut, ku mbik\u00ebqyr dhe menaxhon sh\u00ebrbimet klinike t\u00eb mbi 15 terapist\u00ebve t\u00eb &hellip; <a href=\"https:\/\/shteguishpreses.com\/index.php\/wendy_skenderi-3\/\" class=\"more-link\">Continue reading<span class=\"screen-reader-text\"> &#8220;wendy_skenderi&#8221;<\/span><\/a><\/p>\n","protected":false},"author":1,"featured_media":0,"parent":0,"menu_order":11,"comment_status":"closed","ping_status":"closed","template":"","meta":{"om_disable_all_campaigns":false,"_monsterinsights_skip_tracking":false,"_monsterinsights_sitenote_active":false,"_monsterinsights_sitenote_note":"","_monsterinsights_sitenote_category":0,"footnotes":""},"class_list":["post-1270","page","type-page","status-publish","hentry"],"jetpack_sharing_enabled":true,"_links":{"self":[{"href":"https:\/\/shteguishpreses.com\/index.php\/wp-json\/wp\/v2\/pages\/1270"}],"collection":[{"href":"https:\/\/shteguishpreses.com\/index.php\/wp-json\/wp\/v2\/pages"}],"about":[{"href":"https:\/\/shteguishpreses.com\/index.php\/wp-json\/wp\/v2\/types\/page"}],"author":[{"embeddable":true,"href":"https:\/\/shteguishpreses.com\/index.php\/wp-json\/wp\/v2\/users\/1"}],"replies":[{"embeddable":true,"href":"https:\/\/shteguishpreses.com\/index.php\/wp-json\/wp\/v2\/comments?post=1270"}],"version-history":[{"count":1,"href":"https:\/\/shteguishpreses.com\/index.php\/wp-json\/wp\/v2\/pages\/1270\/revisions"}],"predecessor-version":[{"id":1295,"href":"https:\/\/shteguishpreses.com\/index.php\/wp-json\/wp\/v2\/pages\/1270\/revisions\/1295"}],"wp:attachment":[{"href":"https:\/\/shteguishpreses.com\/index.php\/wp-json\/wp\/v2\/media?parent=1270"}],"curies":[{"name":"wp","href":"https:\/\/api.w.org\/{rel}","templated":true}]}}