{"id":1271,"date":"2023-02-17T09:13:46","date_gmt":"2023-02-17T09:13:46","guid":{"rendered":"http:\/\/shteguishpreses.com\/index.php\/sherbimet-tona\/"},"modified":"2023-02-17T09:13:55","modified_gmt":"2023-02-17T09:13:55","slug":"sherbimet-tona","status":"publish","type":"page","link":"https:\/\/shteguishpreses.com\/index.php\/sherbimet-tona\/","title":{"rendered":"Sh\u00ebrbimet tona"},"content":{"rendered":"<body>\n  \n    <section class=\"u-carousel u-slide u-block-7896-1\" id=\"carousel_acf3\" data-interval=\"5000\" data-u-ride=\"carousel\">\n      <ol class=\"u-absolute-hcenter u-carousel-indicators u-block-7896-2\">\n        <li data-u-target=\"#carousel_acf3\" class=\"u-active u-grey-30\" data-u-slide-to=\"0\"><\/li>\n        <li data-u-target=\"#carousel_acf3\" class=\"u-grey-30\" data-u-slide-to=\"1\"><\/li>\n        <li data-u-target=\"#carousel_acf3\" class=\"u-grey-30\" data-u-slide-to=\"2\"><\/li>\n      <\/ol>\n      <div class=\"u-carousel-inner\" role=\"listbox\">\n        <div class=\"u-active u-align-center u-carousel-item u-clearfix u-image u-shading u-section-1-1\" src=\"\" data-image-width=\"1280\" data-image-height=\"720\" style=\"background-image: linear-gradient(0deg, rgba(0, 0, 0, 0.5), rgba(0, 0, 0, 0.5)), url(&quot;https:\/\/shteguishpreses.com\/wp-content\/uploads\/2023\/02\/sherbimet2-3.jpg&quot;);\">\n          <div class=\"u-clearfix u-sheet u-valign-middle u-sheet-1\">\n            <h1 class=\"u-small-text u-text u-text-default u-text-variant u-text-1\">Profesionaliz\u00ebm<\/h1>\n          <\/div>\n        <\/div>\n        <div class=\"u-align-center u-carousel-item u-clearfix u-image u-shading u-section-1-2\" src=\"\" data-image-width=\"1600\" data-image-height=\"916\" style=\"background-image: linear-gradient(0deg, rgba(0, 0, 0, 0.5), rgba(0, 0, 0, 0.5)), url(&quot;https:\/\/shteguishpreses.com\/wp-content\/uploads\/2023\/02\/dhoma1-3.jpg&quot;);\">\n          <div class=\"u-clearfix u-sheet u-sheet-1\">\n            <h1 class=\"u-small-text u-text u-text-default u-text-variant u-text-1\"> Konfidencialitet<\/h1>\n          <\/div>\n        <\/div>\n        <div class=\"u-align-center u-carousel-item u-clearfix u-image u-shading u-section-1-3\" src=\"\" data-image-width=\"1600\" data-image-height=\"1103\" style=\"background-image: linear-gradient(0deg, rgba(0, 0, 0, 0.5), rgba(0, 0, 0, 0.5)), url(&quot;https:\/\/shteguishpreses.com\/wp-content\/uploads\/2023\/02\/dhomaefemijeve1-3.jpg&quot;);\">\n          <div class=\"u-clearfix u-sheet u-sheet-1\">\n            <h1 class=\"u-small-text u-text u-text-default u-text-variant u-text-1\"> Ekspertiz\u00eb<\/h1>\n          <\/div>\n        <\/div>\n      <\/div>\n      <a class=\"u-absolute-vcenter u-carousel-control u-carousel-control-prev u-hidden u-text-white u-block-7896-3\" href=\"#carousel_acf3\" role=\"button\" data-u-slide=\"prev\">\n        <span aria-hidden=\"true\">\n          <svg class=\"u-svg-link\" viewbox=\"0 0 477.175 477.175\"><path d=\"M145.188,238.575l215.5-215.5c5.3-5.3,5.3-13.8,0-19.1s-13.8-5.3-19.1,0l-225.1,225.1c-5.3,5.3-5.3,13.8,0,19.1l225.1,225\n                    c2.6,2.6,6.1,4,9.5,4s6.9-1.3,9.5-4c5.3-5.3,5.3-13.8,0-19.1L145.188,238.575z\"><\/path><\/svg>\n        <\/span>\n        <span class=\"sr-only\">Previous<\/span>\n      <\/a>\n      <a class=\"u-absolute-vcenter u-carousel-control u-carousel-control-next u-hidden u-text-white u-block-7896-4\" href=\"#carousel_acf3\" role=\"button\" data-u-slide=\"next\">\n        <span aria-hidden=\"true\">\n          <svg class=\"u-svg-link\" viewbox=\"0 0 477.175 477.175\"><path d=\"M360.731,229.075l-225.1-225.1c-5.3-5.3-13.8-5.3-19.1,0s-5.3,13.8,0,19.1l215.5,215.5l-215.5,215.5\n                    c-5.3,5.3-5.3,13.8,0,19.1c2.6,2.6,6.1,4,9.5,4c3.4,0,6.9-1.3,9.5-4l225.1-225.1C365.931,242.875,365.931,234.275,360.731,229.075z\"><\/path><\/svg>\n        <\/span>\n        <span class=\"sr-only\">Next<\/span>\n      <\/a>\n    <\/section>\n    <section class=\"u-align-center u-clearfix u-section-2\" id=\"sec-bd1f\">\n      <div class=\"u-clearfix u-sheet u-sheet-1\">\n        <blockquote class=\"u-align-center-sm u-align-center-xs u-border-20 u-border-custom-color-3 u-custom-font u-font-playfair-display u-text u-text-custom-color-1 u-text-default u-text-1\">Sh\u00ebrb\u200bimet tona<\/blockquote>\n        <p class=\"u-align-justify-lg u-align-justify-xl u-align-left-md u-align-left-sm u-align-left-xs u-custom-font u-font-playfair-display u-text u-text-2\">\n          <span style=\"font-weight: 700; font-size: 1.25rem;\">Sh\u00ebndeti mendor p\u00ebr t\u00eb rriturit <\/span>\n          <br>\u2022\tAnkthi <br>\u2022\tFobit\u00eb <br>\u2022\tDepresioni <br>\u2022\tStresi <br>\u2022\tAbuzimi dhe dhuna <br>\u2022\t\u00c7rregullime t\u00eb t\u00eb ngr\u00ebnit <br>\u2022\t\u00c7rregullimi obsesiv kompulsiv (OCD) <br>\u2022\t\u00c7rregullimi i stresit post-traumatik (PTSD) <br>\u2022\tTrauma dhe restaurimi prej saj <br>\u2022\tVart\u00ebsit\u00eb <br>\u2022\tAbuzimi me l\u00ebnd\u00eb narkotike <br>\n          <br>\n          <span style=\"font-weight: 700; font-size: 1.25rem;\">Trajtimi i f\u00ebmij\u00ebve dhe adoleshent\u00ebve <\/span>\n          <br>\u2022\tTerapi p\u00ebrmes loj\u00ebs <br>\u2022\tAbuzimi dhe dhuna <br>\u2022\tDepresioni <br>\u2022\tAnkthi <br>\u2022\tFobit\u00eb <br>\u2022\tVart\u00ebsit\u00eb <br>\u2022\tHiperaktiviteti <br>\u2022\t\u00c7rregullime t\u00eb t\u00eb ngr\u00ebnit <br>\u2022\tRefuzimi dhe bullizmi <br>\u2022\tProblematika t\u00eb identitetit <br>\u2022\tSjelljet kompulsive <br>\u2022\t\u00c7\u00ebshtje t\u00eb vart\u00ebsis\u00eb nga teknologjia <br>\u2022\tAbuzimi me l\u00ebnd\u00eb narkotike <br>\n          <br>\n          <span style=\"font-size: 1.25rem; font-weight: 700;\">K\u00ebshillim <\/span>\n          <span style=\"font-weight: 700;\">\n            <br>\n          <\/span>\u2022\tPrind\u00ebrimi <br>\u2022\tHumbje dhe kalimi i zis\u00eb <br>\u2022\tProblematika t\u00eb adoleshent\u00ebve <br>\u2022\tProblematika t\u00eb divorcit <br>\u2022\tK\u00ebshillim martesor dhe paramartesor\u00a0<br>\n        <\/p>\n      <\/div>\n    <\/section>\n    \n    \n    \n  \n<\/body>","protected":false},"excerpt":{"rendered":"<p>Profesionaliz\u00ebm Konfidencialitet Ekspertiz\u00eb Previous Next Sh\u00ebrb\u200bimet tona Sh\u00ebndeti mendor p\u00ebr t\u00eb rriturit \u2022 Ankthi \u2022 Fobit\u00eb \u2022 Depresioni \u2022 Stresi \u2022 Abuzimi dhe dhuna \u2022 \u00c7rregullime t\u00eb t\u00eb ngr\u00ebnit \u2022 \u00c7rregullimi obsesiv kompulsiv (OCD) \u2022 \u00c7rregullimi i stresit post-traumatik (PTSD) \u2022 Trauma dhe restaurimi prej saj \u2022 Vart\u00ebsit\u00eb \u2022 Abuzimi me l\u00ebnd\u00eb narkotike Trajtimi i &hellip; <a href=\"https:\/\/shteguishpreses.com\/index.php\/sherbimet-tona\/\" class=\"more-link\">Continue reading<span class=\"screen-reader-text\"> &#8220;Sh\u00ebrbimet tona&#8221;<\/span><\/a><\/p>\n","protected":false},"author":1,"featured_media":0,"parent":0,"menu_order":12,"comment_status":"closed","ping_status":"closed","template":"","meta":{"om_disable_all_campaigns":false,"_monsterinsights_skip_tracking":false,"_monsterinsights_sitenote_active":false,"_monsterinsights_sitenote_note":"","_monsterinsights_sitenote_category":0,"footnotes":""},"class_list":["post-1271","page","type-page","status-publish","hentry"],"jetpack_sharing_enabled":true,"_links":{"self":[{"href":"https:\/\/shteguishpreses.com\/index.php\/wp-json\/wp\/v2\/pages\/1271"}],"collection":[{"href":"https:\/\/shteguishpreses.com\/index.php\/wp-json\/wp\/v2\/pages"}],"about":[{"href":"https:\/\/shteguishpreses.com\/index.php\/wp-json\/wp\/v2\/types\/page"}],"author":[{"embeddable":true,"href":"https:\/\/shteguishpreses.com\/index.php\/wp-json\/wp\/v2\/users\/1"}],"replies":[{"embeddable":true,"href":"https:\/\/shteguishpreses.com\/index.php\/wp-json\/wp\/v2\/comments?post=1271"}],"version-history":[{"count":1,"href":"https:\/\/shteguishpreses.com\/index.php\/wp-json\/wp\/v2\/pages\/1271\/revisions"}],"predecessor-version":[{"id":1296,"href":"https:\/\/shteguishpreses.com\/index.php\/wp-json\/wp\/v2\/pages\/1271\/revisions\/1296"}],"wp:attachment":[{"href":"https:\/\/shteguishpreses.com\/index.php\/wp-json\/wp\/v2\/media?parent=1271"}],"curies":[{"name":"wp","href":"https:\/\/api.w.org\/{rel}","templated":true}]}}