{"id":1272,"date":"2023-02-17T09:13:47","date_gmt":"2023-02-17T09:13:47","guid":{"rendered":"http:\/\/shteguishpreses.com\/index.php\/oreada_kita\/"},"modified":"2023-02-17T09:13:55","modified_gmt":"2023-02-17T09:13:55","slug":"oreada_kita","status":"publish","type":"page","link":"https:\/\/shteguishpreses.com\/index.php\/oreada_kita\/","title":{"rendered":"oreada_kita"},"content":{"rendered":"<body>\n  \n    <section class=\"u-clearfix u-section-1\" id=\"sec-9d93\">\n      <div class=\"u-clearfix u-sheet u-valign-middle u-sheet-1\">\n        <div class=\"u-clearfix u-expanded-width u-gutter-0 u-layout-wrap u-layout-wrap-1\">\n          <div class=\"u-layout\">\n            <div class=\"u-layout-row\">\n              <div class=\"u-align-center u-container-style u-layout-cell u-left-cell u-size-23 u-layout-cell-1\">\n                <div class=\"u-container-layout u-valign-middle u-container-layout-1\">\n                  <div alt=\"\" class=\"u-image u-image-circle u-image-1\" src=\"\" data-image-width=\"404\" data-image-height=\"403\" style=\"background-image: url(&quot;https:\/\/shteguishpreses.com\/wp-content\/uploads\/2023\/02\/image003-3.jpg&quot;);\"><\/div>\n                <\/div>\n              <\/div>\n              <div class=\"u-align-left u-container-style u-layout-cell u-right-cell u-size-37 u-layout-cell-2\">\n                <div class=\"u-container-layout u-valign-top-xs u-container-layout-2\">\n                  <h2 class=\"u-text u-text-1\">Oreada Kita<\/h2>\n                  <p class=\"u-custom-font u-font-playfair-display u-text u-text-2\"> Oreada Kita \u00ebsht\u00eb themeluesja dhe drejtuese e Qendr\u00ebs Jonathan. Oreada p\u00ebrfundoi studimet universitare p\u00ebr Financ\u00eb-Kontabilitet n\u00eb Universitetin e Tiran\u00ebs.\nP\u00ebr 10 vjet Oreada punoi n\u00eb Raiffeisen Bank Albania n\u00eb sektor\u00eb t\u00eb ndrysh\u00ebm si administrimi i huas\u00eb, analiz\u00eb dhe menaxhim projektesh.\u00a0<br>\n                    <br>Q\u00eb prej vitit 2008 Oreada themeloi dhe drejton Qendr\u00ebn Jonathan me synimin q\u00eb komuniteti me nevoja t\u00eb posa\u00e7me n\u00eb Shqip\u00ebri, e ve\u00e7an\u00ebrisht ata me sindrom\u00ebn Down, t\u00eb jetojn\u00eb me dinjitet dhe t\u00eb arrijn\u00eb maksimumin e potencialit t\u00eb tyre.\u00a0 Gjithashtu, ajo drejton nj\u00eb s\u00ebr\u00eb projektesh dhe iniciativash n\u00eb vend p\u00ebr pajisjen e drejtuesve t\u00eb rinj p\u00ebr sukses.\n                  <\/p>\n                <\/div>\n              <\/div>\n            <\/div>\n          <\/div>\n        <\/div>\n      <\/div>\n    <\/section>\n    <section class=\"u-align-center u-clearfix u-white u-section-2\" id=\"sec-9769\">\n      <div class=\"u-clearfix u-sheet u-valign-middle-xs u-sheet-1\">\n        <blockquote class=\"u-align-center-sm u-align-center-xs u-border-20 u-border-custom-color-3 u-custom-font u-font-playfair-display u-text u-text-custom-color-1 u-text-default u-text-1\">Skuadra jon\u00eb<\/blockquote>\n        <p class=\"u-custom-font u-font-playfair-display u-text u-text-2\">Shtegu\ni Shpres\u00ebs \u00ebsht\u00eb fryt i nj\u00eb bashk\u00ebpunimi t\u00eb ngusht\u00eb me nj\u00eb grup psikolog\u00ebsh n\u00eb Karolin\u00ebn e Veriut t\u00eb Shteteve t\u00eb Bashkuara t\u00eb Amerik\u00ebs. <\/p>\n        <a href=\"http:\/\/shteguishpreses.com\/index.php\/skuadra-jone-3\/\" class=\"u-border-none u-btn u-btn-round u-button-style u-custom-color-1 u-hover-white u-radius-6 u-btn-1\">Njihu me pjes\u00ebn tjet\u00ebr<br>t\u00eb skuadr\u00ebs son\u00eb\n        <\/a>\n      <\/div>\n    <\/section>\n    \n    \n    \n  \n<\/body>","protected":false},"excerpt":{"rendered":"<p>Oreada Kita Oreada Kita \u00ebsht\u00eb themeluesja dhe drejtuese e Qendr\u00ebs Jonathan. Oreada p\u00ebrfundoi studimet universitare p\u00ebr Financ\u00eb-Kontabilitet n\u00eb Universitetin e Tiran\u00ebs. P\u00ebr 10 vjet Oreada punoi n\u00eb Raiffeisen Bank Albania n\u00eb sektor\u00eb t\u00eb ndrysh\u00ebm si administrimi i huas\u00eb, analiz\u00eb dhe menaxhim projektesh.&nbsp; Q\u00eb prej vitit 2008 Oreada themeloi dhe drejton Qendr\u00ebn Jonathan me synimin q\u00eb &hellip; <a href=\"https:\/\/shteguishpreses.com\/index.php\/oreada_kita\/\" class=\"more-link\">Continue reading<span class=\"screen-reader-text\"> &#8220;oreada_kita&#8221;<\/span><\/a><\/p>\n","protected":false},"author":1,"featured_media":0,"parent":0,"menu_order":13,"comment_status":"closed","ping_status":"closed","template":"","meta":{"om_disable_all_campaigns":false,"_monsterinsights_skip_tracking":false,"_monsterinsights_sitenote_active":false,"_monsterinsights_sitenote_note":"","_monsterinsights_sitenote_category":0,"footnotes":""},"class_list":["post-1272","page","type-page","status-publish","hentry"],"jetpack_sharing_enabled":true,"_links":{"self":[{"href":"https:\/\/shteguishpreses.com\/index.php\/wp-json\/wp\/v2\/pages\/1272"}],"collection":[{"href":"https:\/\/shteguishpreses.com\/index.php\/wp-json\/wp\/v2\/pages"}],"about":[{"href":"https:\/\/shteguishpreses.com\/index.php\/wp-json\/wp\/v2\/types\/page"}],"author":[{"embeddable":true,"href":"https:\/\/shteguishpreses.com\/index.php\/wp-json\/wp\/v2\/users\/1"}],"replies":[{"embeddable":true,"href":"https:\/\/shteguishpreses.com\/index.php\/wp-json\/wp\/v2\/comments?post=1272"}],"version-history":[{"count":1,"href":"https:\/\/shteguishpreses.com\/index.php\/wp-json\/wp\/v2\/pages\/1272\/revisions"}],"predecessor-version":[{"id":1297,"href":"https:\/\/shteguishpreses.com\/index.php\/wp-json\/wp\/v2\/pages\/1272\/revisions\/1297"}],"wp:attachment":[{"href":"https:\/\/shteguishpreses.com\/index.php\/wp-json\/wp\/v2\/media?parent=1272"}],"curies":[{"name":"wp","href":"https:\/\/api.w.org\/{rel}","templated":true}]}}