{"id":1273,"date":"2023-02-17T09:13:48","date_gmt":"2023-02-17T09:13:48","guid":{"rendered":"http:\/\/shteguishpreses.com\/index.php\/rreth-nesh-3\/"},"modified":"2023-02-17T09:13:55","modified_gmt":"2023-02-17T09:13:55","slug":"rreth-nesh-3","status":"publish","type":"page","link":"https:\/\/shteguishpreses.com\/index.php\/rreth-nesh-3\/","title":{"rendered":"Rreth nesh"},"content":{"rendered":"<body>\n  \n    <section class=\"u-carousel u-slide u-block-85bb-1\" id=\"carousel_d080\" data-interval=\"5000\" data-u-ride=\"carousel\">\n      <ol class=\"u-absolute-hcenter u-carousel-indicators u-block-85bb-2\">\n        <li data-u-target=\"#carousel_d080\" class=\"u-active u-grey-30\" data-u-slide-to=\"0\"><\/li>\n        <li data-u-target=\"#carousel_d080\" class=\"u-grey-30\" data-u-slide-to=\"1\"><\/li>\n        <li data-u-target=\"#carousel_d080\" class=\"u-grey-30\" data-u-slide-to=\"2\"><\/li>\n      <\/ol>\n      <div class=\"u-carousel-inner\" role=\"listbox\">\n        <div class=\"u-active u-align-center u-carousel-item u-clearfix u-image u-shading u-section-1-1\" src=\"\" data-image-width=\"1280\" data-image-height=\"719\" style=\"background-image: linear-gradient(0deg, rgba(0, 0, 0, 0.5), rgba(0, 0, 0, 0.5)), url(&quot;https:\/\/shteguishpreses.com\/wp-content\/uploads\/2023\/02\/rrethnesh-3.jpg&quot;);\">\n          <div class=\"u-clearfix u-sheet u-valign-middle u-sheet-1\">\n            <h1 class=\"u-small-text u-text u-text-default u-text-variant u-text-1\">Profesionaliz\u00ebm<\/h1>\n          <\/div>\n        <\/div>\n        <div class=\"u-align-center u-carousel-item u-clearfix u-image u-shading u-section-1-2\" src=\"\" data-image-width=\"1600\" data-image-height=\"916\" style=\"background-image: linear-gradient(0deg, rgba(0, 0, 0, 0.5), rgba(0, 0, 0, 0.5)), url(&quot;https:\/\/shteguishpreses.com\/wp-content\/uploads\/2023\/02\/dhoma1-3.jpg&quot;);\">\n          <div class=\"u-clearfix u-sheet u-sheet-1\">\n            <h1 class=\"u-small-text u-text u-text-default u-text-variant u-text-1\"> Konfidencialitet<\/h1>\n          <\/div>\n        <\/div>\n        <div class=\"u-align-center u-carousel-item u-clearfix u-image u-shading u-section-1-3\" src=\"\" data-image-width=\"1600\" data-image-height=\"1103\" style=\"background-image: linear-gradient(0deg, rgba(0, 0, 0, 0.5), rgba(0, 0, 0, 0.5)), url(&quot;https:\/\/shteguishpreses.com\/wp-content\/uploads\/2023\/02\/dhomaefemijeve1-3.jpg&quot;);\">\n          <div class=\"u-clearfix u-sheet u-sheet-1\">\n            <h1 class=\"u-small-text u-text u-text-default u-text-variant u-text-1\"> Ekspertiz\u00eb<\/h1>\n          <\/div>\n        <\/div>\n      <\/div>\n      <a class=\"u-absolute-vcenter u-carousel-control u-carousel-control-prev u-hidden u-text-white u-block-85bb-3\" href=\"#carousel_d080\" role=\"button\" data-u-slide=\"prev\">\n        <span aria-hidden=\"true\">\n          <svg class=\"u-svg-link\" viewbox=\"0 0 477.175 477.175\"><path d=\"M145.188,238.575l215.5-215.5c5.3-5.3,5.3-13.8,0-19.1s-13.8-5.3-19.1,0l-225.1,225.1c-5.3,5.3-5.3,13.8,0,19.1l225.1,225\n                    c2.6,2.6,6.1,4,9.5,4s6.9-1.3,9.5-4c5.3-5.3,5.3-13.8,0-19.1L145.188,238.575z\"><\/path><\/svg>\n        <\/span>\n        <span class=\"sr-only\">Previous<\/span>\n      <\/a>\n      <a class=\"u-absolute-vcenter u-carousel-control u-carousel-control-next u-hidden u-text-white u-block-85bb-4\" href=\"#carousel_d080\" role=\"button\" data-u-slide=\"next\">\n        <span aria-hidden=\"true\">\n          <svg class=\"u-svg-link\" viewbox=\"0 0 477.175 477.175\"><path d=\"M360.731,229.075l-225.1-225.1c-5.3-5.3-13.8-5.3-19.1,0s-5.3,13.8,0,19.1l215.5,215.5l-215.5,215.5\n                    c-5.3,5.3-5.3,13.8,0,19.1c2.6,2.6,6.1,4,9.5,4c3.4,0,6.9-1.3,9.5-4l225.1-225.1C365.931,242.875,365.931,234.275,360.731,229.075z\"><\/path><\/svg>\n        <\/span>\n        <span class=\"sr-only\">Next<\/span>\n      <\/a>\n    <\/section>\n    <section class=\"u-align-center u-clearfix u-section-2\" id=\"carousel_2c03\">\n      <div class=\"u-clearfix u-sheet u-valign-middle-xs u-sheet-1\">\n        <blockquote class=\"u-align-center-sm u-align-center-xs u-border-20 u-border-custom-color-3 u-custom-font u-font-playfair-display u-text u-text-custom-color-1 u-text-default u-text-1\">Rreth nesh<\/blockquote>\n        <p class=\"u-align-justify-lg u-align-justify-xl u-align-left-md u-align-left-sm u-align-left-xs u-custom-font u-font-playfair-display u-text u-text-2\"> Shtegu i Shpres\u00ebs \u00ebsht\u00eb nj\u00eb qend\u00ebr multidisiplinare q\u00eb ofron k\u00ebshillim, psikoterapi, terapi p\u00ebr f\u00ebmij\u00eb, logopedi, nga terapist\u00eb t\u00eb kualifikuar e t\u00eb licensuar. Kjo qend\u00ebr ofron terapi dhe k\u00ebshillim individual, p\u00ebr familje dhe grupe n\u00eb mjediset tona dhe online. <br>\n          <br>Shtegu i Shpres\u00ebs \u00ebsht\u00eb fryt i nj\u00eb bashk\u00ebpunimi t\u00eb ngusht\u00eb me nj\u00eb grup psikolog\u00ebsh n\u00eb Karolin\u00ebn e Veriut t\u00eb Shteteve t\u00eb Bashkuara t\u00eb Amerik\u00ebs. Si partner\u00eb t\u00eb r\u00ebnd\u00ebsish\u00ebm dhe me eksperienc\u00eb disa dhjet\u00ebra-vje\u00e7are n\u00eb k\u00ebt\u00eb fush\u00eb, ata jan\u00eb t\u00eb p\u00ebrkushtuar p\u00ebr t\u00eb sjell\u00eb trajnimet m\u00eb t\u00eb fundit dhe terapit\u00eb m\u00eb efektive p\u00ebr \u00e7do kategori  t\u00eb sh\u00ebndetit mendor. <br>\n          <br>Krahas k\u00ebsaj, psikolog\u00ebt amerikan\u00eb mbik\u00ebqyrin dhe supervizojn\u00eb hap pas hapi pun\u00ebn e terapist\u00ebve tan\u00eb p\u00ebrmes vizitave t\u00eb vazhdueshme dhe takimeve virtuale javore.\n        <\/p>\n      <\/div>\n    <\/section>\n    \n    \n    \n  \n<\/body>","protected":false},"excerpt":{"rendered":"<p>Profesionaliz\u00ebm Konfidencialitet Ekspertiz\u00eb Previous Next Rreth nesh Shtegu i Shpres\u00ebs \u00ebsht\u00eb nj\u00eb qend\u00ebr multidisiplinare q\u00eb ofron k\u00ebshillim, psikoterapi, terapi p\u00ebr f\u00ebmij\u00eb, logopedi, nga terapist\u00eb t\u00eb kualifikuar e t\u00eb licensuar. Kjo qend\u00ebr ofron terapi dhe k\u00ebshillim individual, p\u00ebr familje dhe grupe n\u00eb mjediset tona dhe online. Shtegu i Shpres\u00ebs \u00ebsht\u00eb fryt i nj\u00eb bashk\u00ebpunimi t\u00eb ngusht\u00eb &hellip; <a href=\"https:\/\/shteguishpreses.com\/index.php\/rreth-nesh-3\/\" class=\"more-link\">Continue reading<span class=\"screen-reader-text\"> &#8220;Rreth nesh&#8221;<\/span><\/a><\/p>\n","protected":false},"author":1,"featured_media":0,"parent":0,"menu_order":14,"comment_status":"closed","ping_status":"closed","template":"","meta":{"om_disable_all_campaigns":false,"_monsterinsights_skip_tracking":false,"_monsterinsights_sitenote_active":false,"_monsterinsights_sitenote_note":"","_monsterinsights_sitenote_category":0,"footnotes":""},"class_list":["post-1273","page","type-page","status-publish","hentry"],"jetpack_sharing_enabled":true,"_links":{"self":[{"href":"https:\/\/shteguishpreses.com\/index.php\/wp-json\/wp\/v2\/pages\/1273"}],"collection":[{"href":"https:\/\/shteguishpreses.com\/index.php\/wp-json\/wp\/v2\/pages"}],"about":[{"href":"https:\/\/shteguishpreses.com\/index.php\/wp-json\/wp\/v2\/types\/page"}],"author":[{"embeddable":true,"href":"https:\/\/shteguishpreses.com\/index.php\/wp-json\/wp\/v2\/users\/1"}],"replies":[{"embeddable":true,"href":"https:\/\/shteguishpreses.com\/index.php\/wp-json\/wp\/v2\/comments?post=1273"}],"version-history":[{"count":1,"href":"https:\/\/shteguishpreses.com\/index.php\/wp-json\/wp\/v2\/pages\/1273\/revisions"}],"predecessor-version":[{"id":1298,"href":"https:\/\/shteguishpreses.com\/index.php\/wp-json\/wp\/v2\/pages\/1273\/revisions\/1298"}],"wp:attachment":[{"href":"https:\/\/shteguishpreses.com\/index.php\/wp-json\/wp\/v2\/media?parent=1273"}],"curies":[{"name":"wp","href":"https:\/\/api.w.org\/{rel}","templated":true}]}}