{"id":1275,"date":"2023-02-17T09:13:50","date_gmt":"2023-02-17T09:13:50","guid":{"rendered":"http:\/\/shteguishpreses.com\/index.php\/david_dixon-3\/"},"modified":"2023-02-17T09:13:56","modified_gmt":"2023-02-17T09:13:56","slug":"david_dixon-3","status":"publish","type":"page","link":"https:\/\/shteguishpreses.com\/index.php\/david_dixon-3\/","title":{"rendered":"david_dixon"},"content":{"rendered":"<body>\n  \n    <section class=\"u-clearfix u-section-1\" id=\"sec-9d93\">\n      <div class=\"u-clearfix u-sheet u-valign-middle u-sheet-1\">\n        <div class=\"u-clearfix u-expanded-width u-gutter-0 u-layout-wrap u-layout-wrap-1\">\n          <div class=\"u-layout\">\n            <div class=\"u-layout-row\">\n              <div class=\"u-align-center u-container-style u-layout-cell u-left-cell u-size-23 u-layout-cell-1\">\n                <div class=\"u-container-layout u-valign-middle u-container-layout-1\">\n                  <div alt=\"\" class=\"u-image u-image-circle u-image-1\" src=\"\" data-image-width=\"1600\" data-image-height=\"1600\" style=\"background-image: url(&quot;https:\/\/shteguishpreses.com\/wp-content\/uploads\/2023\/02\/david-3.jpeg&quot;);\"><\/div>\n                <\/div>\n              <\/div>\n              <div class=\"u-align-left u-container-style u-layout-cell u-right-cell u-size-37 u-layout-cell-2\">\n                <div class=\"u-container-layout u-valign-top u-container-layout-2\">\n                  <h2 class=\"u-text u-text-1\">Dr. David Dixon<\/h2>\n                  <p class=\"u-custom-font u-font-playfair-display u-text u-text-2\">\n                    <span style=\"font-size: 0.75rem;\"> David \u00ebsht\u00eb Terapist dhe Supervizor i Licensuar i Sh\u00ebndetit Mendor Klinik (LCMHCS). P\u00ebr m\u00eb shum\u00eb se 20 vjet, ai sh\u00ebrben gjithashtu si Pastor i Kujdesit dhe K\u00ebshillimit n\u00eb Kish\u00ebn Baptiste Carmel n\u00eb Matthews t\u00eb Karolin\u00ebs s\u00eb Veriut, SHBA.\nDavid ka nj\u00eb eksperienc\u00eb 25 vje\u00e7are si terapist i licencuar i sh\u00ebndetit mendor.\u00a0\u00a0<\/span>\n                    <span style=\"font-size: 0.75rem;\">Nga viti 1997-2000 ai ka qen\u00eb drejtori klinik i qendr\u00ebs Rapha Carolinas n\u00eb Rock Hill t\u00eb Karolin\u00ebs s\u00eb Jugut, SHBA, e cila n\u00eb at\u00eb koh\u00eb ishte qendra m\u00eb e madhe e krishter\u00eb e sh\u00ebrbimeve psikiatrike spitalore n\u00eb Shtetet e Bashkuara.\u00a0\u00a0David ka nj\u00eb doktorat\u00eb nga Qendra e K\u00ebshillimit dhe e Studimeve Familjare n\u00eb Universitetin Liberty. David \u00ebsht\u00eb an\u00ebtar i Shoqat\u00ebs Amerikane t\u00eb K\u00ebshilltar\u00ebve t\u00eb Krishter\u00eb dhe \u00ebsht\u00eb trajnuar n\u00eb Menaxhimin e Stresit t\u00eb Incidentit Kritik. Ai \u00ebsht\u00eb i specializuar n\u00eb pun\u00ebn me t\u00eb rriturit dhe adoleshent\u00ebt p\u00ebr \u00e7\u00ebshtje t\u00eb ndryshme t\u00eb jet\u00ebs, si ankthi, depresioni, pik\u00ebllimi dhe humbja, konflikti i marr\u00ebdh\u00ebnieve, var\u00ebsia seksuale, prind\u00ebrimi, problemet e martes\u00ebs dhe familjare, si dhe nd\u00ebrthurja e besimit me sh\u00ebndetin mendor.\u00a0<\/span>\n                    <br>\n                    <br>\n                    <span style=\"font-size: 0.75rem;\">David \u00ebsht\u00eb edhe asistent-profesor n\u00eb Universitetin Liberty, ku jep rregullisht m\u00ebsime p\u00ebr Rawlings School of Divinity dhe programin Doctor of Education. N\u00eb universitetin Liberty David sh\u00ebrben si ekspert n\u00eb fush\u00ebn e kujdesit pastoral dhe martes\u00ebs e k\u00ebshillimit familjar, si dhe n\u00eb Ekipin Universitar t\u00eb Disertacionit duke ndihmuar student\u00ebt e doktoratur\u00ebs n\u00eb procesin e disertacionit.\u00a0<\/span>\n                    <br>\n                    <br>\n                    <span style=\"font-size: 0.75rem;\">David \u00ebsht\u00eb pjes\u00eb e nj\u00eb ekipi t\u00eb k\u00ebshilltar\u00ebve klinik\u00eb amerikan\u00eb t\u00eb sh\u00ebndetit mendor, t\u00eb cil\u00ebt themeluan Fondacionin Shtegu i Shpres\u00ebs n\u00eb Tiran\u00eb.  Ai b\u00ebn mbik\u00ebqyrje javore klinike me k\u00ebshilltar\u00ebt e talentuar t\u00eb \u201cShtegut t\u00eb Shpres\u00ebs\u201d.\u00a0\u00a0David \u00ebsht\u00eb i martuar prej 30 vjet\u00ebsh me gruan e tij Jennifer. Ata kan\u00eb dy vajza t\u00eb rritura.\u00a0<\/span>\n                    <br>\n                  <\/p>\n                <\/div>\n              <\/div>\n            <\/div>\n          <\/div>\n        <\/div>\n      <\/div>\n    <\/section>\n    <section class=\"u-align-center u-clearfix u-white u-section-2\" id=\"sec-11ad\">\n      <div class=\"u-clearfix u-sheet u-valign-middle-xs u-sheet-1\">\n        <blockquote class=\"u-align-center-sm u-align-center-xs u-border-20 u-border-custom-color-3 u-custom-font u-font-playfair-display u-text u-text-custom-color-1 u-text-default u-text-1\">Skuadra jon\u00eb<\/blockquote>\n        <p class=\"u-custom-font u-font-playfair-display u-text u-text-2\">Shtegu\ni Shpres\u00ebs \u00ebsht\u00eb fryt i nj\u00eb bashk\u00ebpunimi t\u00eb ngusht\u00eb me nj\u00eb grup psikolog\u00ebsh n\u00eb Karolin\u00ebn e Veriut t\u00eb Shteteve t\u00eb Bashkuara t\u00eb Amerik\u00ebs. <\/p>\n        <a href=\"http:\/\/shteguishpreses.com\/index.php\/skuadra-jone-3\/\" class=\"u-border-none u-btn u-btn-round u-button-style u-custom-color-1 u-hover-white u-radius-6 u-btn-1\">Njihu me pjes\u00ebn tjet\u00ebr<br>t\u00eb skuadr\u00ebs son\u00eb\n        <\/a>\n      <\/div>\n    <\/section>\n    \n    \n    \n  \n<\/body>","protected":false},"excerpt":{"rendered":"<p>Dr. David Dixon David \u00ebsht\u00eb Terapist dhe Supervizor i Licensuar i Sh\u00ebndetit Mendor Klinik (LCMHCS). P\u00ebr m\u00eb shum\u00eb se 20 vjet, ai sh\u00ebrben gjithashtu si Pastor i Kujdesit dhe K\u00ebshillimit n\u00eb Kish\u00ebn Baptiste Carmel n\u00eb Matthews t\u00eb Karolin\u00ebs s\u00eb Veriut, SHBA. David ka nj\u00eb eksperienc\u00eb 25 vje\u00e7are si terapist i licencuar i sh\u00ebndetit mendor.&nbsp;&nbsp; Nga &hellip; <a href=\"https:\/\/shteguishpreses.com\/index.php\/david_dixon-3\/\" class=\"more-link\">Continue reading<span class=\"screen-reader-text\"> &#8220;david_dixon&#8221;<\/span><\/a><\/p>\n","protected":false},"author":1,"featured_media":0,"parent":0,"menu_order":16,"comment_status":"closed","ping_status":"closed","template":"","meta":{"om_disable_all_campaigns":false,"_monsterinsights_skip_tracking":false,"_monsterinsights_sitenote_active":false,"_monsterinsights_sitenote_note":"","_monsterinsights_sitenote_category":0,"footnotes":""},"class_list":["post-1275","page","type-page","status-publish","hentry"],"jetpack_sharing_enabled":true,"_links":{"self":[{"href":"https:\/\/shteguishpreses.com\/index.php\/wp-json\/wp\/v2\/pages\/1275"}],"collection":[{"href":"https:\/\/shteguishpreses.com\/index.php\/wp-json\/wp\/v2\/pages"}],"about":[{"href":"https:\/\/shteguishpreses.com\/index.php\/wp-json\/wp\/v2\/types\/page"}],"author":[{"embeddable":true,"href":"https:\/\/shteguishpreses.com\/index.php\/wp-json\/wp\/v2\/users\/1"}],"replies":[{"embeddable":true,"href":"https:\/\/shteguishpreses.com\/index.php\/wp-json\/wp\/v2\/comments?post=1275"}],"version-history":[{"count":1,"href":"https:\/\/shteguishpreses.com\/index.php\/wp-json\/wp\/v2\/pages\/1275\/revisions"}],"predecessor-version":[{"id":1301,"href":"https:\/\/shteguishpreses.com\/index.php\/wp-json\/wp\/v2\/pages\/1275\/revisions\/1301"}],"wp:attachment":[{"href":"https:\/\/shteguishpreses.com\/index.php\/wp-json\/wp\/v2\/media?parent=1275"}],"curies":[{"name":"wp","href":"https:\/\/api.w.org\/{rel}","templated":true}]}}