{"id":1276,"date":"2023-02-17T09:13:51","date_gmt":"2023-02-17T09:13:51","guid":{"rendered":"http:\/\/shteguishpreses.com\/index.php\/ornela_hinaj-3\/"},"modified":"2023-02-17T09:13:56","modified_gmt":"2023-02-17T09:13:56","slug":"ornela_hinaj-3","status":"publish","type":"page","link":"https:\/\/shteguishpreses.com\/index.php\/ornela_hinaj-3\/","title":{"rendered":"ornela_hinaj"},"content":{"rendered":"<body>\n  \n    <section class=\"u-clearfix u-section-1\" id=\"sec-9d93\">\n      <div class=\"u-clearfix u-sheet u-sheet-1\">\n        <div class=\"u-clearfix u-expanded-width u-gutter-0 u-layout-wrap u-layout-wrap-1\">\n          <div class=\"u-layout\">\n            <div class=\"u-layout-row\">\n              <div class=\"u-align-center u-container-style u-layout-cell u-left-cell u-size-23 u-layout-cell-1\">\n                <div class=\"u-container-layout u-valign-middle u-container-layout-1\">\n                  <div alt=\"\" class=\"u-image u-image-circle u-image-1\" src=\"\" data-image-width=\"1020\" data-image-height=\"1180\" style=\"background-image: url(&quot;https:\/\/shteguishpreses.com\/wp-content\/uploads\/2023\/02\/ornela-3.jpeg&quot;);\"><\/div>\n                <\/div>\n              <\/div>\n              <div class=\"u-align-left u-container-style u-layout-cell u-right-cell u-size-37 u-layout-cell-2\">\n                <div class=\"u-container-layout u-valign-top-xs u-container-layout-2\">\n                  <h2 class=\"u-text u-text-1\">Ornela Hinaj<\/h2>\n                  <p class=\"u-custom-font u-font-playfair-display u-text u-text-2\"> Ornela \u00ebsht\u00eb Psikologe e licensuar nga Urdhri i Psikologut n\u00eb Shqip\u00ebri. \u00cbsht\u00eb diplomuar n\u00eb vitin 2007 si Psikologe Klinike n\u00eb nivel Masteri,  nga Universiteti i Shkencave Sociale, Tiran\u00eb. \u00cbsht\u00eb e licensuar edhe si supervizore e praktikave klinike p\u00ebr praktikat profesionale. Kualifikimet dhe certifikimet e saj nd\u00ebr vite prekin sfer\u00ebn e \u00e7rregullimeve t\u00eb ankthit, depresionit, traum\u00ebs dhe post-traum\u00ebs, abuzimit seksual, dhun\u00ebs n\u00eb familje, zis\u00eb s\u00eb komplikuar dhe var\u00ebsive nga substancat.\u00a0<br>\n                    <br>Ornela ka punuar p\u00ebr m\u00eb shum\u00eb se 14 vjet me adoleshent\u00eb dhe t\u00eb rritur, n\u00eb seanca individuale, dhe n\u00eb grup, duke trajtuar \u00e7\u00ebshtje psikologjike t\u00eb ndryshme t\u00eb nj\u00eb game t\u00eb gjer\u00eb problematikash dhe \u00e7rregullimesh. <br>Ornela k\u00ebshillon duke p\u00ebrdorur koncepte dhe teknika t\u00eb ve\u00e7anta t\u00eb zgjedhura dhe t\u00eb p\u00ebrshtatura p\u00ebr klientin sipas nevojave individuale dhe specifikave te problemit.\u00a0<br>\n                    <br>Zgjedhjen e  teknikave terapeutike e bazon n\u00eb nj\u00eb gam\u00eb t\u00eb gjer\u00eb terapish dhe teknikash  bazuar n\u00eb fush\u00ebn e kompetenc\u00ebs dhe t\u00eb ekspertiz\u00ebs. P\u00ebrqasjet terapeutike jan\u00eb t\u00eb fush\u00ebs Cognitive Behavioral Therapy (CBT), Mindfulness, Terapi Emocionale Motivacionale , fokus n\u00eb zgjidhjen e problemit, Dialectical Behavior Therapi (DBT) dhe ACT Therapy.\nMotoja e saj \u00ebsht\u00eb: \u201cNjer\u00ebzit fillojn\u00eb t\u00eb sh\u00ebrohen kur e ndiejn\u00eb se po i d\u00ebgjon dikush\u201d. <br>\n                  <\/p>\n                <\/div>\n              <\/div>\n            <\/div>\n          <\/div>\n        <\/div>\n      <\/div>\n    <\/section>\n    <section class=\"u-align-center u-clearfix u-white u-section-2\" id=\"sec-097d\">\n      <div class=\"u-clearfix u-sheet u-valign-middle-xs u-sheet-1\">\n        <blockquote class=\"u-align-center-sm u-align-center-xs u-border-20 u-border-custom-color-3 u-custom-font u-font-playfair-display u-text u-text-custom-color-1 u-text-default u-text-1\">Skuadra jon\u00eb<\/blockquote>\n        <p class=\"u-custom-font u-font-playfair-display u-text u-text-2\">Shtegu\ni Shpres\u00ebs \u00ebsht\u00eb fryt i nj\u00eb bashk\u00ebpunimi t\u00eb ngusht\u00eb me nj\u00eb grup psikolog\u00ebsh n\u00eb Karolin\u00ebn e Veriut t\u00eb Shteteve t\u00eb Bashkuara t\u00eb Amerik\u00ebs. <\/p>\n        <a href=\"http:\/\/shteguishpreses.com\/index.php\/skuadra-jone-3\/\" class=\"u-border-none u-btn u-btn-round u-button-style u-custom-color-1 u-hover-white u-radius-6 u-btn-1\">Njihu me pjes\u00ebn tjet\u00ebr<br>t\u00eb skuadr\u00ebs son\u00eb\n        <\/a>\n      <\/div>\n    <\/section>\n    \n    \n    \n  \n<\/body>","protected":false},"excerpt":{"rendered":"<p>Ornela Hinaj Ornela \u00ebsht\u00eb Psikologe e licensuar nga Urdhri i Psikologut n\u00eb Shqip\u00ebri. \u00cbsht\u00eb diplomuar n\u00eb vitin 2007 si Psikologe Klinike n\u00eb nivel Masteri, nga Universiteti i Shkencave Sociale, Tiran\u00eb. \u00cbsht\u00eb e licensuar edhe si supervizore e praktikave klinike p\u00ebr praktikat profesionale. Kualifikimet dhe certifikimet e saj nd\u00ebr vite prekin sfer\u00ebn e \u00e7rregullimeve t\u00eb ankthit, &hellip; <a href=\"https:\/\/shteguishpreses.com\/index.php\/ornela_hinaj-3\/\" class=\"more-link\">Continue reading<span class=\"screen-reader-text\"> &#8220;ornela_hinaj&#8221;<\/span><\/a><\/p>\n","protected":false},"author":1,"featured_media":0,"parent":0,"menu_order":17,"comment_status":"closed","ping_status":"closed","template":"","meta":{"om_disable_all_campaigns":false,"_monsterinsights_skip_tracking":false,"_monsterinsights_sitenote_active":false,"_monsterinsights_sitenote_note":"","_monsterinsights_sitenote_category":0,"footnotes":""},"class_list":["post-1276","page","type-page","status-publish","hentry"],"jetpack_sharing_enabled":true,"_links":{"self":[{"href":"https:\/\/shteguishpreses.com\/index.php\/wp-json\/wp\/v2\/pages\/1276"}],"collection":[{"href":"https:\/\/shteguishpreses.com\/index.php\/wp-json\/wp\/v2\/pages"}],"about":[{"href":"https:\/\/shteguishpreses.com\/index.php\/wp-json\/wp\/v2\/types\/page"}],"author":[{"embeddable":true,"href":"https:\/\/shteguishpreses.com\/index.php\/wp-json\/wp\/v2\/users\/1"}],"replies":[{"embeddable":true,"href":"https:\/\/shteguishpreses.com\/index.php\/wp-json\/wp\/v2\/comments?post=1276"}],"version-history":[{"count":1,"href":"https:\/\/shteguishpreses.com\/index.php\/wp-json\/wp\/v2\/pages\/1276\/revisions"}],"predecessor-version":[{"id":1302,"href":"https:\/\/shteguishpreses.com\/index.php\/wp-json\/wp\/v2\/pages\/1276\/revisions\/1302"}],"wp:attachment":[{"href":"https:\/\/shteguishpreses.com\/index.php\/wp-json\/wp\/v2\/media?parent=1276"}],"curies":[{"name":"wp","href":"https:\/\/api.w.org\/{rel}","templated":true}]}}