{"id":1277,"date":"2023-02-17T09:13:52","date_gmt":"2023-02-17T09:13:52","guid":{"rendered":"http:\/\/shteguishpreses.com\/index.php\/skuadra-jone-3\/"},"modified":"2023-10-08T20:38:40","modified_gmt":"2023-10-08T20:38:40","slug":"skuadra-jone-3","status":"publish","type":"page","link":"https:\/\/shteguishpreses.com\/index.php\/skuadra-jone-3\/","title":{"rendered":"Skuadra jon\u00eb"},"content":{"rendered":"<body>\n    \n    <section class=\"u-align-center u-clearfix u-valign-middle-md u-valign-middle-sm u-valign-middle-xs u-section-2\" id=\"sec-5a26\">\n      <h2 class=\"u-custom-font u-font-oswald u-text u-text-grey-70 u-text-1\"> Skuadra jon\u00eb<\/h2>\n      <div class=\"u-list u-list-1\">\n        <div class=\"u-repeater u-repeater-1\">\n          <div class=\"u-container-style u-list-item u-repeater-item u-white u-list-item-1\">\n            <div class=\"u-container-layout u-similar-container u-valign-bottom-xs u-container-layout-1\">\n              <div alt=\"\" class=\"u-align-center-xs u-image u-image-circle u-image-1\" data-image-width=\"425\" data-image-height=\"543\" data-href=\"https:\/\/shteguishpreses.com\/index.php\/pranvera_dhima-3\/\" title=\"ornela_hinaj\" style=\"background-image: url(&quot;http:\/\/shteguishpreses.com\/wp-content\/uploads\/2023\/09\/PranveraDhima.jpeg&quot;);\"><\/div>\n              <div class=\"u-container-style u-expanded-width-xs u-group u-group-1\">\n                <div class=\"u-container-layout u-valign-top-xs u-container-layout-2\">\n                  <h4 class=\"u-custom-font u-font-oswald u-text u-text-default-lg u-text-default-md u-text-default-sm u-text-default-xs u-text-2\">\n                    <a class=\"u-active-none u-border-none u-btn u-button-link u-button-style u-hover-none u-none u-text-palette-1-base u-btn-1\" href=\"https:\/\/shteguishpreses.com\/index.php\/pranvera_dhima-3\/\">Pranvera Dhima<\/a>\n                  <\/h4>\n                  <h5 class=\"u-align-center-xs u-custom-font u-text u-text-custom-color-1 u-text-default-lg u-text-default-md u-text-default-sm u-text-default-xs u-text-font u-text-3\"> Drejtor ekzekutiv <\/h5>\n                  <p class=\"u-align-left u-custom-font u-font-playfair-display u-text u-text-grey-50 u-text-4\" data-animation-name=\"\" data-animation-duration=\"0\" data-animation-delay=\"0\" data-animation-direction=\"\"> Pranvera Dhima \u00ebsht\u00eb Drejtor Ekzekutiv i Fondacionit \u201cShtegu i Shpres\u00ebs\u201d. \u200bAjo ka p\u00ebrfunduar studimet n\u00eb nivelin Bachelor dhe Master n\u00eb ...<\/p>\n                <\/div>\n              <\/div>\n            <\/div>\n          <\/div>\n          <div class=\"u-container-style u-list-item u-repeater-item u-white u-list-item-2\">\n            <div class=\"u-container-layout u-similar-container u-valign-bottom-xs u-container-layout-3\">\n              <div alt=\"\" class=\"u-align-center-xs u-image u-image-circle u-image-2\" data-image-width=\"1020\" data-image-height=\"1180\" data-href=\"http:\/\/shteguishpreses.com\/index.php\/ornela_hinaj-3\/\" title=\"nevila_toska\" style=\"background-image: url(&quot;http:\/\/shteguishpreses.com\/wp-content\/uploads\/2023\/02\/ornela-3.jpeg&quot;);\"><\/div>\n              <div class=\"u-container-style u-expanded-width-xs u-group u-group-2\">\n                <div class=\"u-container-layout u-valign-top-xs u-container-layout-4\">\n                  <h4 class=\"u-custom-font u-font-oswald u-text u-text-default-lg u-text-default-md u-text-default-sm u-text-default-xs u-text-5\">\n                    <a class=\"u-active-none u-border-none u-btn u-button-link u-button-style u-hover-none u-none u-text-palette-1-base u-btn-2\" href=\"http:\/\/shteguishpreses.com\/index.php\/ornela_hinaj-3\/\">Ornela Hinaj<\/a>\n                  <\/h4>\n                  <h5 class=\"u-align-center-xs u-custom-font u-text u-text-custom-color-1 u-text-default-lg u-text-default-md u-text-default-sm u-text-default-xs u-text-font u-text-6\"> Terapiste<\/h5>\n                  <p class=\"u-align-left u-custom-font u-font-playfair-display u-text u-text-grey-50 u-text-7\" data-animation-name=\"\" data-animation-duration=\"0\" data-animation-delay=\"0\" data-animation-direction=\"\">Ornela \u00ebsht\u00eb Psikologe e licensuar nga Urdhri i Psikologut n\u00eb Shqip\u00ebri. \u00cbsht\u00eb diplomuar n\u00eb vitin 2007 si Psikologe Klinike n\u00eb nivel Masteri,  nga Universiteti i Shkencave... ...<\/p>\n                <\/div>\n              <\/div>\n            <\/div>\n          <\/div>\n          <div class=\"u-container-style u-list-item u-repeater-item u-white u-list-item-3\">\n            <div class=\"u-container-layout u-similar-container u-valign-bottom-xs u-container-layout-5\">\n              <div alt=\"\" class=\"u-align-center-xs u-image u-image-circle u-image-3\" data-image-width=\"1200\" data-image-height=\"1600\" data-href=\"http:\/\/shteguishpreses.com\/index.php\/nevila_toska-3\/\" title=\"bela_memushi\" style=\"background-image: url(&quot;http:\/\/shteguishpreses.com\/wp-content\/uploads\/2023\/02\/Nevila-3.jpeg&quot;);\"><\/div>\n              <div class=\"u-container-style u-expanded-width-xs u-group u-group-3\">\n                <div class=\"u-container-layout u-valign-top-xs u-container-layout-6\">\n                  <h4 class=\"u-custom-font u-font-oswald u-text u-text-default-lg u-text-default-md u-text-default-sm u-text-default-xs u-text-8\">\n                    <a class=\"u-active-none u-border-none u-btn u-button-link u-button-style u-hover-none u-none u-text-palette-1-base u-btn-3\" href=\"http:\/\/shteguishpreses.com\/index.php\/nevila_toska-3\/\">Nevila Toska<\/a>\n                  <\/h4>\n                  <h5 class=\"u-align-center-xs u-custom-font u-text u-text-custom-color-1 u-text-default-lg u-text-default-md u-text-default-sm u-text-default-xs u-text-font u-text-9\"> Terapiste<\/h5>\n                  <p class=\"u-align-left u-custom-font u-font-playfair-display u-text u-text-grey-50 u-text-10\" data-animation-name=\"\" data-animation-duration=\"0\" data-animation-delay=\"0\" data-animation-direction=\"\">Nevila ka kryer studimet e nivelit Master n\u00eb Psikologji Klinike n\u00eb Fakultetin e Shkencave Sociale, Tiran\u00eb. Ajo \u00ebsht\u00eb e licensuar n\u00eb Brain Working Recursive Therapy (BWRT)...<\/p>\n                <\/div>\n              <\/div>\n            <\/div>\n          <\/div>\n          <div class=\"u-container-style u-list-item u-repeater-item u-white u-list-item-4\">\n            <div class=\"u-container-layout u-similar-container u-valign-bottom-xs u-container-layout-7\">\n              <div alt=\"\" class=\"u-align-center-xs u-image u-image-circle u-image-4\" data-image-width=\"534\" data-image-height=\"569\" data-href=\"http:\/\/shteguishpreses.com\/index.php\/bela_memushi-3\/\" title=\"bela_memushi\" style=\"background-image: url(&quot;https:\/\/shteguishpreses.com\/wp-content\/uploads\/2023\/02\/nevila-3.jpg&quot;);\"><\/div>\n              <div class=\"u-container-style u-expanded-width-xs u-group u-group-4\">\n                <div class=\"u-container-layout u-valign-top-xs u-container-layout-8\">\n                  <h4 class=\"u-custom-font u-font-oswald u-text u-text-default-lg u-text-default-md u-text-default-sm u-text-default-xs u-text-11\">\n                    <a class=\"u-active-none u-border-none u-btn u-button-link u-button-style u-hover-none u-none u-text-palette-1-base u-btn-4\" href=\"http:\/\/shteguishpreses.com\/index.php\/bela_memushi-3\/\">Bela Memushi<\/a>\n                  <\/h4>\n                  <h5 class=\"u-align-center-xs u-custom-font u-text u-text-custom-color-1 u-text-default-lg u-text-default-md u-text-default-sm u-text-default-xs u-text-font u-text-12\"> Terapiste<\/h5>\n                  <p class=\"u-align-left u-custom-font u-font-playfair-display u-text u-text-grey-50 u-text-13\" data-animation-name=\"\" data-animation-duration=\"0\" data-animation-delay=\"0\" data-animation-direction=\"\"> Bela ka studiuar p\u00ebr K\u00ebshillim t\u00eb Sh\u00ebndetit Mendor Klinik t\u00eb nivelit Master n\u00eb Universitetin \u201cLiberty\u201d t\u00eb Virxhinias, SHBA. Gjat\u00eb k\u00ebsaj...<\/p>\n                <\/div>\n              <\/div>\n            <\/div>\n          <\/div>\n        <\/div>\n      <\/div>\n    <\/section>\n    <section class=\"u-align-center u-clearfix u-section-3\" id=\"sec-8a27\">\n      <h2 class=\"u-custom-font u-font-oswald u-text u-text-grey-70 u-text-1\">K\u00ebshilltar\u00ebt<\/h2>\n      <div class=\"u-list u-list-1\">\n        <div class=\"u-repeater u-repeater-1\">\n          <div class=\"u-container-style u-list-item u-repeater-item u-white u-list-item-1\">\n            <div class=\"u-container-layout u-similar-container u-valign-top u-container-layout-1\">\n              <div alt=\"\" class=\"u-align-center-xs u-image u-image-circle u-image-1\" data-image-width=\"1600\" data-image-height=\"1600\" data-href=\"http:\/\/shteguishpreses.com\/index.php\/david_dixon-3\/\" style=\"background-image: url(&quot;https:\/\/shteguishpreses.com\/wp-content\/uploads\/2023\/02\/david-27-3.jpeg&quot;);\"><\/div>\n              <div class=\"u-container-style u-expanded-width-xs u-group u-group-1\">\n                <div class=\"u-container-layout u-valign-top-xs u-container-layout-2\">\n                  <h4 class=\"u-align-center-xs u-custom-font u-font-oswald u-text u-text-default-lg u-text-default-md u-text-default-sm u-text-default-xs u-text-2\">\n                    <a class=\"u-active-none u-border-none u-btn u-button-link u-button-style u-hover-none u-none u-text-palette-1-base u-btn-1\" href=\"http:\/\/shteguishpreses.com\/index.php\/david_dixon-3\/\">Dr. David Dixon<\/a>\n                  <\/h4>\n                  <h5 class=\"u-custom-font u-text u-text-custom-color-1 u-text-default-lg u-text-default-md u-text-default-sm u-text-default-xs u-text-font u-text-3\">K\u00ebshilltar<\/h5>\n                  <p class=\"u-align-left u-custom-font u-font-playfair-display u-text u-text-grey-50 u-text-4\">Dr. \u200bDavid \u00ebsht\u00eb Terapist dhe Supervizor i Licensuar i Sh\u00ebndetit Mendor Klinik (LCMHCS). P\u00ebr m\u00eb shum\u00eb se 20 vjet, ...<\/p>\n                <\/div>\n              <\/div>\n            <\/div>\n          <\/div>\n          <div class=\"u-container-style u-list-item u-repeater-item u-white u-list-item-2\">\n            <div class=\"u-container-layout u-similar-container u-valign-top u-container-layout-3\">\n              <div alt=\"\" class=\"u-align-center-xs u-image u-image-circle u-image-2\" data-image-width=\"886\" data-image-height=\"886\" data-href=\"http:\/\/shteguishpreses.com\/index.php\/wendy_skenderi-3\/\" style=\"background-image: url(&quot;https:\/\/shteguishpreses.com\/wp-content\/uploads\/2023\/02\/wendi-28-3.jpeg&quot;);\"><\/div>\n              <div class=\"u-container-style u-expanded-width-xs u-group u-group-2\">\n                <div class=\"u-container-layout u-valign-top-xs u-container-layout-4\">\n                  <h4 class=\"u-align-center-xs u-custom-font u-font-oswald u-text u-text-default-lg u-text-default-md u-text-default-sm u-text-default-xs u-text-5\">\n                    <a class=\"u-active-none u-border-none u-btn u-button-link u-button-style u-hover-none u-none u-text-palette-1-base u-btn-2\" href=\"http:\/\/shteguishpreses.com\/index.php\/wendy_skenderi-3\/\">Wendy Sk\u00ebnderi<\/a>\n                  <\/h4>\n                  <h5 class=\"u-custom-font u-text u-text-custom-color-1 u-text-default-lg u-text-default-md u-text-default-sm u-text-default-xs u-text-font u-text-6\"> K\u00ebshilltare<\/h5>\n                  <p class=\"u-align-left u-custom-font u-font-playfair-display u-text u-text-grey-50 u-text-7\"> Wendy Sk\u00ebnderi \u00ebsht\u00eb Terapiste dhe Supervizore e Licensuar e Sh\u00ebndetit Mendor Klinik (LCMHCS) n\u00eb Karolin\u00ebn e Veriut, SHBA...<\/p>\n                <\/div>\n              <\/div>\n            <\/div>\n          <\/div>\n        <\/div>\n      <\/div>\n    <\/section>\n    <section class=\"u-align-center u-clearfix u-valign-middle-md u-valign-middle-sm u-section-4\" id=\"sec-e4e7\">\n      <h2 class=\"u-custom-font u-font-oswald u-text u-text-grey-70 u-text-1\"> Bordi Drejtues<\/h2>\n      <div class=\"u-list u-list-1\">\n        <div class=\"u-repeater u-repeater-1\">\n          <div class=\"u-container-style u-custom-item u-list-item u-repeater-item u-white u-list-item-1\">\n            <div class=\"u-container-layout u-similar-container u-container-layout-1\">\n              <div alt=\"\" class=\"u-align-center-xs u-image u-image-circle u-image-1\" data-image-width=\"1065\" data-image-height=\"1600\" data-href=\"http:\/\/shteguishpreses.com\/index.php\/ruth_vergnon-3\/\" title=\"gjergji_vjeshta\" style=\"background-image: url(&quot;http:\/\/shteguishpreses.com\/wp-content\/uploads\/2023\/02\/ruth-3.jpeg&quot;);\"><\/div>\n              <div class=\"u-container-style u-custom-item u-expanded-width-xs u-group u-group-1\">\n                <div class=\"u-container-layout u-container-layout-2\">\n                  <h4 class=\"u-custom-font u-font-oswald u-text u-text-default-lg u-text-default-md u-text-default-sm u-text-default-xs u-text-2\">\n                    <a class=\"u-active-none u-border-none u-btn u-button-link u-button-style u-hover-none u-none u-text-palette-1-base u-btn-1\" href=\"http:\/\/shteguishpreses.com\/index.php\/ruth_vergnon-3\/\">Ruth Vergnon<\/a>\n                  <\/h4>\n                  <p class=\"u-align-left u-custom-font u-custom-item u-font-playfair-display u-text u-text-grey-50 u-text-3\">Ruth Vergnon, me origjin\u00eb franceze, \u00ebsht\u00eb themeluese dhe drejtuese e Fondacionit Alo ! Mik.\nGjat\u00eb 20 viteve t\u00eb kaluara, Ruthi u \u00ebsht\u00eb p\u00ebrkushtuar \u00e7\u00ebshtjeve t\u00eb f\u00ebmij\u00ebve m\u00eb n\u00eb ...<\/p>\n                <\/div>\n              <\/div>\n            <\/div>\n          <\/div>\n          <div class=\"u-container-style u-custom-item u-list-item u-repeater-item u-white u-list-item-2\">\n            <div class=\"u-container-layout u-similar-container u-container-layout-3\">\n              <div alt=\"\" class=\"u-align-center-xs u-image u-image-circle u-image-2\" data-image-width=\"1188\" data-image-height=\"1218\" data-href=\"http:\/\/shteguishpreses.com\/index.php\/arion_skenderi-3\/\" title=\"ruth_vergnon\" style=\"background-image: url(&quot;http:\/\/shteguishpreses.com\/wp-content\/uploads\/2023\/02\/arion1-3.jpg&quot;);\"><\/div>\n              <div class=\"u-container-style u-custom-item u-expanded-width-xs u-group u-group-2\">\n                <div class=\"u-container-layout u-container-layout-4\">\n                  <h4 class=\"u-custom-font u-font-oswald u-text u-text-default-lg u-text-default-md u-text-default-sm u-text-default-xs u-text-4\">\n                    <a class=\"u-active-none u-border-none u-btn u-button-link u-button-style u-hover-none u-none u-text-palette-1-base u-btn-2\" href=\"http:\/\/shteguishpreses.com\/index.php\/arion_skenderi-3\/\">Arion Sk\u00ebnderi<\/a>\n                  <\/h4>\n                  <p class=\"u-align-left u-custom-font u-custom-item u-font-playfair-display u-text u-text-grey-50 u-text-5\"> Dr. Arion Sk\u00ebnderi ka p\u00ebrfunduar studimet universitare dhe pasuniversitare n\u00eb Shqip\u00ebri, Austri dhe Shtetet e Bashkuara ...<\/p>\n                <\/div>\n              <\/div>\n            <\/div>\n          <\/div>\n          <div class=\"u-container-style u-custom-item u-list-item u-repeater-item u-white u-list-item-3\">\n            <div class=\"u-container-layout u-similar-container u-container-layout-5\">\n              <div alt=\"\" class=\"u-align-center-xs u-image u-image-circle u-image-3\" data-image-width=\"404\" data-image-height=\"403\" data-href=\"http:\/\/shteguishpreses.com\/index.php\/oreada_kita\/\" title=\"arion_skenderi\" style=\"background-image: url(&quot;http:\/\/shteguishpreses.com\/wp-content\/uploads\/2023\/02\/image003-3.jpg&quot;);\"><\/div>\n              <div class=\"u-container-style u-custom-item u-expanded-width-xs u-group u-group-3\">\n                <div class=\"u-container-layout u-container-layout-6\">\n                  <h4 class=\"u-custom-font u-font-oswald u-text u-text-default-lg u-text-default-md u-text-default-sm u-text-default-xs u-text-6\">\n                    <a class=\"u-active-none u-border-none u-btn u-button-link u-button-style u-hover-none u-none u-text-palette-1-base u-btn-3\" href=\"http:\/\/shteguishpreses.com\/index.php\/oreada_kita\/\">Oreada Kita<\/a>\n                  <\/h4>\n                  <p class=\"u-align-left u-custom-font u-custom-item u-font-playfair-display u-text u-text-grey-50 u-text-7\">Oreada Kita \u00ebsht\u00eb themeluesja dhe drejtuese e Qendr\u00ebs Jonathan. Oreada p\u00ebrfundoi studimet universitare p\u00ebr Financ\u00eb-Kontabilitet n\u00eb ...<br>\n                  <\/p>\n                <\/div>\n              <\/div>\n            <\/div>\n          <\/div>\n        <\/div>\n      <\/div>\n    <\/section>\n    \n    \n  \n<\/body>","protected":false},"excerpt":{"rendered":"<p>Skuadra jon\u00eb Pranvera Dhima Drejtor ekzekutiv Pranvera Dhima \u00ebsht\u00eb Drejtor Ekzekutiv i Fondacionit \u201cShtegu i Shpres\u00ebs\u201d. \u200bAjo ka p\u00ebrfunduar studimet n\u00eb nivelin Bachelor dhe Master n\u00eb &#8230; Ornela Hinaj Terapiste Ornela \u00ebsht\u00eb Psikologe e licensuar nga Urdhri i Psikologut n\u00eb Shqip\u00ebri. \u00cbsht\u00eb diplomuar n\u00eb vitin 2007 si Psikologe Klinike n\u00eb nivel Masteri, nga Universiteti i &hellip; <a href=\"https:\/\/shteguishpreses.com\/index.php\/skuadra-jone-3\/\" class=\"more-link\">Continue reading<span class=\"screen-reader-text\"> &#8220;Skuadra jon\u00eb&#8221;<\/span><\/a><\/p>\n","protected":false},"author":1,"featured_media":0,"parent":0,"menu_order":18,"comment_status":"closed","ping_status":"closed","template":"","meta":{"om_disable_all_campaigns":false,"_monsterinsights_skip_tracking":false,"_monsterinsights_sitenote_active":false,"_monsterinsights_sitenote_note":"","_monsterinsights_sitenote_category":0,"footnotes":""},"class_list":["post-1277","page","type-page","status-publish","hentry"],"jetpack_sharing_enabled":true,"_links":{"self":[{"href":"https:\/\/shteguishpreses.com\/index.php\/wp-json\/wp\/v2\/pages\/1277"}],"collection":[{"href":"https:\/\/shteguishpreses.com\/index.php\/wp-json\/wp\/v2\/pages"}],"about":[{"href":"https:\/\/shteguishpreses.com\/index.php\/wp-json\/wp\/v2\/types\/page"}],"author":[{"embeddable":true,"href":"https:\/\/shteguishpreses.com\/index.php\/wp-json\/wp\/v2\/users\/1"}],"replies":[{"embeddable":true,"href":"https:\/\/shteguishpreses.com\/index.php\/wp-json\/wp\/v2\/comments?post=1277"}],"version-history":[{"count":12,"href":"https:\/\/shteguishpreses.com\/index.php\/wp-json\/wp\/v2\/pages\/1277\/revisions"}],"predecessor-version":[{"id":1329,"href":"https:\/\/shteguishpreses.com\/index.php\/wp-json\/wp\/v2\/pages\/1277\/revisions\/1329"}],"wp:attachment":[{"href":"https:\/\/shteguishpreses.com\/index.php\/wp-json\/wp\/v2\/media?parent=1277"}],"curies":[{"name":"wp","href":"https:\/\/api.w.org\/{rel}","templated":true}]}}