{"id":256,"date":"2022-05-22T22:36:12","date_gmt":"2022-05-22T22:36:12","guid":{"rendered":"http:\/\/shteguishpreses.com\/index.php\/kryefaqja-2\/"},"modified":"2022-05-22T22:36:29","modified_gmt":"2022-05-22T22:36:29","slug":"kryefaqja-2","status":"publish","type":"page","link":"https:\/\/shteguishpreses.com\/index.php\/kryefaqja-2\/","title":{"rendered":"Kryefaqja"},"content":{"rendered":"<body>\n  \n    <section class=\"u-clearfix u-section-1\" id=\"sec-d5b6\">\n      <div class=\"u-align-left u-clearfix u-sheet u-sheet-1\"><\/div>\n    <\/section>\n    <section class=\"u-align-center u-clearfix u-section-2\" id=\"carousel_2c03\">\n      <div class=\"u-clearfix u-sheet u-valign-middle-xs u-sheet-1\">\n        <blockquote class=\"u-align-center-sm u-align-center-xs u-border-20 u-border-custom-color-3 u-custom-font u-font-playfair-display u-text u-text-custom-color-1 u-text-default u-text-1\">\n          <span style=\"font-size: 2.25rem;\">Mir\u00eb se erdh\u00ebt tek<\/span>\u00a0<br>Shtegu i Shpres\u00ebs\n        <\/blockquote>\n        <p class=\"u-custom-font u-font-playfair-display u-text u-text-2\"> Shtegu i Shpreses eshte nje qender multidisiplinare qe ofron keshillim,\npsikoterapi, terapi per femije, logopedi, nga terapiste te kualifikuar e te\nlicensuar. Kjo qender ofron terapi dhe keshillim individual, per familje dhe\ngrupe ne mjediset tona dhe online...<\/p>\n        <a href=\"http:\/\/shteguishpreses.com\/index.php\/skuadra-jone-2\/\" class=\"u-active-custom-color-1 u-border-none u-btn u-button-style u-custom-color-1 u-hover-custom-color-4 u-btn-1\">M\u00eb shum\u00eb<\/a>\n      <\/div>\n    <\/section>\n    <section class=\"u-clearfix u-section-3\" id=\"sec-9311\">\n      <div class=\"u-align-left u-clearfix u-sheet u-sheet-1\"><\/div>\n    <\/section>\n    <section class=\"u-clearfix u-section-4\" id=\"sec-7359\">\n      <div class=\"u-clearfix u-sheet u-valign-middle u-sheet-1\">\n        <div class=\"u-align-center u-expanded-width u-left-0 u-video u-video-contain u-video-1\">\n          <div class=\"embed-responsive embed-responsive-1\">\n            <iframe style=\"position: absolute;top: 0;left: 0;width: 100%;height: 100%;\" class=\"embed-responsive-item\" src=\"https:\/\/www.youtube.com\/embed\/vFZs-F-I9iA?mute=1&amp;showinfo=0&amp;controls=0&amp;start=0&amp;autoplay=1\" data-autoplay=\"1\" frameborder=\"0\" allowfullscreen=\"\"><\/iframe>\n          <\/div>\n        <\/div>\n      <\/div>\n    <\/section>\n    <section class=\"u-clearfix u-section-5\" id=\"sec-ead5\">\n      <div class=\"u-clearfix u-sheet u-sheet-1\"><\/div>\n    <\/section>\n    <section class=\"u-align-center u-clearfix u-section-6\" id=\"sec-9d1a\">\n      <div class=\"u-clearfix u-sheet u-sheet-1\">\n        <div class=\"u-container-style u-custom-color-4 u-group u-opacity u-opacity-70 u-radius-30 u-shape-round u-group-1\">\n          <div class=\"u-container-layout u-valign-middle u-container-layout-1\">\n            <h2 class=\"u-align-center u-text u-text-1\">Kontakt<\/h2>\n            <div class=\"u-expanded-width-sm u-expanded-width-xs u-form u-form-1\">\n                      <script>\n            function onSuccess(event) {\n                if (typeof window.serviceRequest !== 'undefined') {\n                    window.serviceRequest(jQuery(this).find('form'));\n                }\n                var msgContainer = jQuery(event.currentTarget).find('.wpcf7-response-output');\n                msgContainer.removeClass('u-form-send-error').addClass('u-form-send-message u-form-send-success');\n                msgContainer.show();\n                var redirectAddress = jQuery(event.currentTarget).find('[redirect-address]').attr('redirect-address');\n                if (redirectAddress) {\n                    setTimeout(function () {\n                        location.replace(redirectAddress);\n                    }, 2000);\n                }\n            }\n            function onError(event) {\n                var msgContainer = jQuery(event.currentTarget).find('.wpcf7-response-output');\n                msgContainer.removeClass('u-form-send-success').addClass('u-form-send-message u-form-send-error');\n                msgContainer.show();\n            }\n\n            jQuery('body')\n                .on('wpcf7mailsent',   '.u-form .wpcf7', onSuccess)\n                .on('wpcf7invalid',    '.u-form .wpcf7', onError)\n                .on('wpcf7:unaccepted', '.u-form .wpcf7', onError)\n                .on('wpcf7spam',       '.u-form .wpcf7', onError)\n                .on('wpcf7:aborted',    '.u-form .wpcf7', onError)\n                .on('wpcf7mailfailed', '.u-form .wpcf7', onError);\n        <\/script>\n        <style>\n            .u-form .wpcf7-response-output {\n                \/*position: relative !important;*\/\n                margin: 0 !important;\n                bottom: -70px!important;\n            }\n            .u-form .wpcf7 .ajax-loader {\n                margin-left: -24px;\n                margin-right: 0;\n            }\n        <\/style>\n\n<div class=\"wpcf7 no-js\" id=\"wpcf7-f280-o1\" lang=\"en-US\" dir=\"ltr\" data-wpcf7-id=\"280\">\n<div class=\"screen-reader-response\"><p role=\"status\" aria-live=\"polite\" aria-atomic=\"true\"><\/p> <ul><\/ul><\/div>\n<form style=\"padding: 0;\" action=\"\/index.php\/wp-json\/wp\/v2\/pages\/256#wpcf7-f280-o1\" method=\"post\" class=\"wpcf7-form init u-clearfix u-form-spacing-13 u-form-vertical u-inner-form u-form-custom-backend\" aria-label=\"Contact form\" novalidate=\"novalidate\" data-status=\"init\">\n<div style=\"display: none;\">\n<input type=\"hidden\" name=\"_wpcf7\" value=\"280\">\n<input type=\"hidden\" name=\"_wpcf7_version\" value=\"6.0.6\">\n<input type=\"hidden\" name=\"_wpcf7_locale\" value=\"en_US\">\n<input type=\"hidden\" name=\"_wpcf7_unit_tag\" value=\"wpcf7-f280-o1\">\n<input type=\"hidden\" name=\"_wpcf7_container_post\" value=\"0\">\n<input type=\"hidden\" name=\"_wpcf7_posted_data_hash\" value=\"\">\n<\/div>\n\n                <div class=\"u-form-email u-form-group wpcf7-form-control-wrap u-form-partition-factor-2\">\n                  <label for=\"email-f18c\" class=\"u-label\">Adresa E-Mail<\/label>\n                  <input type=\"email\" placeholder=\"\" id=\"email-f18c\" name=\"email\" class=\"u-grey-5 u-input wpcf7-form-control u-input-rectangle u-input-1\" required=\"\">\n                <\/div>\n                <div class=\"u-form-group wpcf7-form-control-wrap u-form-name u-form-partition-factor-2\">\n                  <label for=\"name-f18c\" class=\"u-label\">Emri i Plote<\/label>\n                  <input type=\"text\" placeholder=\"Enter your Name\" id=\"name-f18c\" name=\"name1\" class=\"u-grey-5 u-input wpcf7-form-control u-input-rectangle u-input-2\" required=\"\">\n                <\/div>\n                <div class=\"u-form-group wpcf7-form-control-wrap u-form-partition-factor-2 u-form-phone u-form-group wpcf7-form-control-wrap-3\">\n                  <label for=\"phone-cbff\" class=\"u-label\" wfd-invisible=\"true\">Telefoni<\/label>\n                  <input type=\"tel\" pattern=\"+?d{0,2}[s(-]?([0-9]{3})[s)-]?([s-]?)([0-9]{3})[s-]?([0-9]{2})[s-]?([0-9]{2})\" placeholder=\"Enter your phone (e.g. +14155552675)\" id=\"phone-cbff\" name=\"phone\" class=\"u-grey-5 u-input wpcf7-form-control u-input-rectangle u-input-3\" required=\"\">\n                <\/div>\n                <div class=\"u-form-date u-form-group wpcf7-form-control-wrap u-form-partition-factor-2 u-form-group wpcf7-form-control-wrap-4\">\n                  <label for=\"date-33f9\" class=\"u-label\">Takimi Paraprak<\/label>\n                  <input type=\"date\" placeholder=\"\" id=\"date-33f9\" name=\"date\" class=\"u-grey-5 u-input wpcf7-form-control u-input-rectangle u-input-4\" required=\"\">\n                <\/div>\n                <div class=\"u-form-group wpcf7-form-control-wrap u-form-message u-form-group wpcf7-form-control-wrap-5\">\n                  <label for=\"message-1015\" class=\"u-label\">Mesazhi<\/label>\n                  <textarea placeholder=\"Enter your message\" rows=\"4\" cols=\"50\" id=\"message-1015\" name=\"message-1\" class=\"u-grey-5 u-input wpcf7-form-control u-input-rectangle u-input-5\" required=\"\"><\/textarea>\n                <\/div>\n                <div class=\"u-align-center u-form-group wpcf7-form-control-wrap u-form-submit wpcf7-form-control\">\n                  <a href=\"#\" class=\"u-active-white u-border-none u-btn u-btn-submit wpcf7-submit u-button-style u-hover-white u-text-palette-1-base u-white u-btn-1\">Dergoje<\/a>\n                  <input type=\"submit\" value=\"submit\" class=\"u-form-control-hidden\" wfd-invisible=\"true\">\n                <\/div>\n                <div class=\"u-form-send-message u-form-send-success\" wfd-invisible=\"true\"> Thank you! Your message has been sent. <\/div>\n                <div class=\"u-form-send-error u-form-send-message\" wfd-invisible=\"true\"> Unable to send your message. Please fix errors then try again. <\/div>\n                <input type=\"hidden\" value=\"\" name=\"recaptchaResponse\" wfd-invisible=\"true\">\n              <input type=\"hidden\" name=\"_contact7_backend\" value=\"1\"><p style=\"display: none !important;\" class=\"akismet-fields-container\" data-prefix=\"_wpcf7_ak_\"><label>\u0394<textarea name=\"_wpcf7_ak_hp_textarea\" cols=\"45\" rows=\"8\" maxlength=\"100\"><\/textarea><\/label><input type=\"hidden\" id=\"ak_js_1\" name=\"_wpcf7_ak_js\" value=\"33\"><script type=\"text\/javascript\">\n\/* <![CDATA[ *\/\ndocument.getElementById( \"ak_js_1\" ).setAttribute( \"value\", ( new Date() ).getTime() );\n\/* ]]> *\/\n<\/script>\n<\/p><div class=\"wpcf7-response-output\" aria-hidden=\"true\"><\/div>\n<\/form>\n<\/div>\n\n            <\/div>\n          <\/div>\n        <\/div>\n      <\/div>\n    <\/section>\n    \n    \n    \n  \n<\/body>","protected":false},"excerpt":{"rendered":"<p>Mir\u00eb se erdh\u00ebt tek&nbsp;Shtegu i Shpres\u00ebs Shtegu i Shpreses eshte nje qender multidisiplinare qe ofron keshillim, psikoterapi, terapi per femije, logopedi, nga terapiste te kualifikuar e te licensuar. Kjo qender ofron terapi dhe keshillim individual, per familje dhe grupe ne mjediset tona dhe online&#8230; M\u00eb shum\u00eb Kontakt Adresa E-Mail Emri i Plote Telefoni Takimi Paraprak &hellip; <a href=\"https:\/\/shteguishpreses.com\/index.php\/kryefaqja-2\/\" class=\"more-link\">Continue reading<span class=\"screen-reader-text\"> &#8220;Kryefaqja&#8221;<\/span><\/a><\/p>\n","protected":false},"author":1,"featured_media":0,"parent":0,"menu_order":1,"comment_status":"closed","ping_status":"closed","template":"","meta":{"om_disable_all_campaigns":false,"_monsterinsights_skip_tracking":false,"_monsterinsights_sitenote_active":false,"_monsterinsights_sitenote_note":"","_monsterinsights_sitenote_category":0,"footnotes":""},"class_list":["post-256","page","type-page","status-publish","hentry"],"jetpack_sharing_enabled":true,"_links":{"self":[{"href":"https:\/\/shteguishpreses.com\/index.php\/wp-json\/wp\/v2\/pages\/256"}],"collection":[{"href":"https:\/\/shteguishpreses.com\/index.php\/wp-json\/wp\/v2\/pages"}],"about":[{"href":"https:\/\/shteguishpreses.com\/index.php\/wp-json\/wp\/v2\/types\/page"}],"author":[{"embeddable":true,"href":"https:\/\/shteguishpreses.com\/index.php\/wp-json\/wp\/v2\/users\/1"}],"replies":[{"embeddable":true,"href":"https:\/\/shteguishpreses.com\/index.php\/wp-json\/wp\/v2\/comments?post=256"}],"version-history":[{"count":1,"href":"https:\/\/shteguishpreses.com\/index.php\/wp-json\/wp\/v2\/pages\/256\/revisions"}],"predecessor-version":[{"id":279,"href":"https:\/\/shteguishpreses.com\/index.php\/wp-json\/wp\/v2\/pages\/256\/revisions\/279"}],"wp:attachment":[{"href":"https:\/\/shteguishpreses.com\/index.php\/wp-json\/wp\/v2\/media?parent=256"}],"curies":[{"name":"wp","href":"https:\/\/api.w.org\/{rel}","templated":true}]}}